{"id":4390,"date":"2025-05-29T12:11:29","date_gmt":"2025-05-29T12:11:29","guid":{"rendered":"https:\/\/asikolesar.si\/pogoji-uporabe\/"},"modified":"2025-08-31T06:45:31","modified_gmt":"2025-08-31T06:45:31","slug":"pogoji-uporabe","status":"publish","type":"page","link":"https:\/\/asikolesar.si\/en\/pogoji-uporabe\/","title":{"rendered":"Terms and Conditions"},"content":{"rendered":"\n<h1 id=\"gspb_heading-id-gsbp-03ec9aa\" class=\"gspb_heading gspb_heading-id-gsbp-03ec9aa \"><strong>Terms and Conditions<\/strong><\/h1>\n\n\n\n<h3 class=\"wp-block-heading\" id=\"1-general\"><strong>1. General<\/strong><\/h3>\n\n\n\n<p>By using the website <a href=\"https:\/\/www.asikolesar.si\/en\">www.asikolesar.si<\/a>, you agree to the terms and conditions set out below. If you do not agree with these terms, please do not use this website.<\/p>\n\n\n\n<h3 class=\"wp-block-heading\" id=\"2-website-content\"><strong>2. Website Content<\/strong><\/h3>\n\n\n\n<p>All content on the website is provided for informational purposes only. We reserve the right to make changes without prior notice.<\/p>\n\n\n\n<h3 class=\"wp-block-heading\" id=\"3-limitation-of-liability\">3. <strong>Limitation of Liability<\/strong><\/h3>\n\n\n\n<p>We strive to ensure the accuracy and timeliness of the information provided. However, we do not accept responsibility for any errors or for any damages arising from the use of the content.<\/p>\n\n\n\n<h3 class=\"wp-block-heading\" id=\"4-copyright\"><strong>4. Copyright<\/strong><\/h3>\n\n\n\n<p>All content (texts, images, graphics) is protected by copyright. Reproduction without prior written permission is strictly prohibited.<\/p>\n\n\n\n<h3 class=\"wp-block-heading\" id=\"5-links-to-other-websites\"><strong>5. Links to Other Websites<\/strong><\/h3>\n\n\n\n<p>This website may contain links to external websites. We are not responsible for the content of such external websites.<\/p>\n\n\n\n<h3 class=\"wp-block-heading\" id=\"6-changes-to-the-terms\"><strong>6. Changes to the Terms<\/strong><\/h3>\n\n\n\n<p>We reserve the right to modify these terms at any time without prior notice. Changes take effect on the date they are published on the website.<\/p>\n","protected":false},"excerpt":{"rendered":"<p>1. General By using the website www.asikolesar.si, you agree to the terms and conditions set out below. If you do not agree with these terms, please do not use this website. 2. Website Content All content on the website is provided for informational purposes only. We reserve the right to make changes without prior notice. [&hellip;]<\/p>\n","protected":false},"author":1,"featured_media":0,"parent":0,"menu_order":0,"comment_status":"closed","ping_status":"closed","template":"","meta":{"_acf_changed":false,"_gspb_post_css":"","footnotes":""},"class_list":["post-4390","page","type-page","status-publish","hentry"],"blocksy_meta":{"has_hero_section":"disabled","styles_descriptor":{"styles":{"desktop":"","tablet":"","mobile":""},"google_fonts":[],"version":6}},"acf":[],"yoast_head":"<!-- This site is optimized with the Yoast SEO plugin v27.0 - https:\/\/yoast.com\/product\/yoast-seo-wordpress\/ -->\n<title>Terms and Conditions - A si kolesar? Si!<\/title>\n<meta name=\"robots\" content=\"noindex, nofollow\" \/>\n<meta property=\"og:locale\" content=\"en_US\" \/>\n<meta property=\"og:type\" content=\"article\" \/>\n<meta property=\"og:title\" content=\"Terms and Conditions - A si kolesar? Si!\" \/>\n<meta property=\"og:description\" content=\"1. General By using the website www.asikolesar.si, you agree to the terms and conditions set out below. If you do not agree with these terms, please do not use this website. 2. Website Content All content on the website is provided for informational purposes only. We reserve the right to make changes without prior notice. [&hellip;]\" \/>\n<meta property=\"og:url\" content=\"https:\/\/asikolesar.si\/en\/pogoji-uporabe\/\" \/>\n<meta property=\"og:site_name\" content=\"A si kolesar? Si!\" \/>\n<meta property=\"article:publisher\" content=\"https:\/\/www.facebook.com\/aSiKolesar\/\" \/>\n<meta property=\"article:modified_time\" content=\"2025-08-31T06:45:31+00:00\" \/>\n<meta name=\"twitter:card\" content=\"summary_large_image\" \/>\n<meta name=\"twitter:label1\" content=\"Est. reading time\" \/>\n\t<meta name=\"twitter:data1\" content=\"1 minute\" \/>\n<script type=\"application\/ld+json\" class=\"yoast-schema-graph\">{\"@context\":\"https:\/\/schema.org\",\"@graph\":[{\"@type\":\"WebPage\",\"@id\":\"https:\/\/asikolesar.si\/en\/pogoji-uporabe\/\",\"url\":\"https:\/\/asikolesar.si\/en\/pogoji-uporabe\/\",\"name\":\"Terms and Conditions - A si kolesar? Si!\",\"isPartOf\":{\"@id\":\"https:\/\/asikolesar.si\/en\/#website\"},\"datePublished\":\"2025-05-29T12:11:29+00:00\",\"dateModified\":\"2025-08-31T06:45:31+00:00\",\"breadcrumb\":{\"@id\":\"https:\/\/asikolesar.si\/en\/pogoji-uporabe\/#breadcrumb\"},\"inLanguage\":\"en-US\",\"potentialAction\":[{\"@type\":\"ReadAction\",\"target\":[\"https:\/\/asikolesar.si\/en\/pogoji-uporabe\/\"]}]},{\"@type\":\"BreadcrumbList\",\"@id\":\"https:\/\/asikolesar.si\/en\/pogoji-uporabe\/#breadcrumb\",\"itemListElement\":[{\"@type\":\"ListItem\",\"position\":1,\"name\":\"Home\",\"item\":\"https:\/\/asikolesar.si\/en\/\"},{\"@type\":\"ListItem\",\"position\":2,\"name\":\"Terms and Conditions\"}]},{\"@type\":\"WebSite\",\"@id\":\"https:\/\/asikolesar.si\/en\/#website\",\"url\":\"https:\/\/asikolesar.si\/en\/\",\"name\":\"A si kolesar? Si!\",\"description\":\"Servis koles in podobnih \u010dudes - Ljubljana (\u0160i\u0161ka)\",\"publisher\":{\"@id\":\"https:\/\/asikolesar.si\/en\/#organization\"},\"potentialAction\":[{\"@type\":\"SearchAction\",\"target\":{\"@type\":\"EntryPoint\",\"urlTemplate\":\"https:\/\/asikolesar.si\/en\/?s={search_term_string}\"},\"query-input\":{\"@type\":\"PropertyValueSpecification\",\"valueRequired\":true,\"valueName\":\"search_term_string\"}}],\"inLanguage\":\"en-US\"},{\"@type\":\"Organization\",\"@id\":\"https:\/\/asikolesar.si\/en\/#organization\",\"name\":\"A si kolesar? Si!\",\"url\":\"https:\/\/asikolesar.si\/en\/\",\"logo\":{\"@type\":\"ImageObject\",\"inLanguage\":\"en-US\",\"@id\":\"https:\/\/asikolesar.si\/en\/#\/schema\/logo\/image\/\",\"url\":\"https:\/\/asikolesar.si\/wp-content\/uploads\/2025\/04\/logotip-A-SI-KOLESAR_horizontalni-barvni.svg\",\"contentUrl\":\"https:\/\/asikolesar.si\/wp-content\/uploads\/2025\/04\/logotip-A-SI-KOLESAR_horizontalni-barvni.svg\",\"width\":337,\"height\":57,\"caption\":\"A si kolesar? Si!\"},\"image\":{\"@id\":\"https:\/\/asikolesar.si\/en\/#\/schema\/logo\/image\/\"},\"sameAs\":[\"https:\/\/www.facebook.com\/aSiKolesar\/\",\"https:\/\/www.instagram.com\/a_si_kolesar\/\"]}]}<\/script>\n<!-- \/ Yoast SEO plugin. -->","yoast_head_json":{"title":"Terms and Conditions - A si kolesar? Si!","robots":{"index":"noindex","follow":"nofollow"},"og_locale":"en_US","og_type":"article","og_title":"Terms and Conditions - A si kolesar? Si!","og_description":"1. General By using the website www.asikolesar.si, you agree to the terms and conditions set out below. If you do not agree with these terms, please do not use this website. 2. Website Content All content on the website is provided for informational purposes only. We reserve the right to make changes without prior notice. [&hellip;]","og_url":"https:\/\/asikolesar.si\/en\/pogoji-uporabe\/","og_site_name":"A si kolesar? Si!","article_publisher":"https:\/\/www.facebook.com\/aSiKolesar\/","article_modified_time":"2025-08-31T06:45:31+00:00","twitter_card":"summary_large_image","twitter_misc":{"Est. reading time":"1 minute"},"schema":{"@context":"https:\/\/schema.org","@graph":[{"@type":"WebPage","@id":"https:\/\/asikolesar.si\/en\/pogoji-uporabe\/","url":"https:\/\/asikolesar.si\/en\/pogoji-uporabe\/","name":"Terms and Conditions - A si kolesar? Si!","isPartOf":{"@id":"https:\/\/asikolesar.si\/en\/#website"},"datePublished":"2025-05-29T12:11:29+00:00","dateModified":"2025-08-31T06:45:31+00:00","breadcrumb":{"@id":"https:\/\/asikolesar.si\/en\/pogoji-uporabe\/#breadcrumb"},"inLanguage":"en-US","potentialAction":[{"@type":"ReadAction","target":["https:\/\/asikolesar.si\/en\/pogoji-uporabe\/"]}]},{"@type":"BreadcrumbList","@id":"https:\/\/asikolesar.si\/en\/pogoji-uporabe\/#breadcrumb","itemListElement":[{"@type":"ListItem","position":1,"name":"Home","item":"https:\/\/asikolesar.si\/en\/"},{"@type":"ListItem","position":2,"name":"Terms and Conditions"}]},{"@type":"WebSite","@id":"https:\/\/asikolesar.si\/en\/#website","url":"https:\/\/asikolesar.si\/en\/","name":"A si kolesar? Si!","description":"Servis koles in podobnih \u010dudes - Ljubljana (\u0160i\u0161ka)","publisher":{"@id":"https:\/\/asikolesar.si\/en\/#organization"},"potentialAction":[{"@type":"SearchAction","target":{"@type":"EntryPoint","urlTemplate":"https:\/\/asikolesar.si\/en\/?s={search_term_string}"},"query-input":{"@type":"PropertyValueSpecification","valueRequired":true,"valueName":"search_term_string"}}],"inLanguage":"en-US"},{"@type":"Organization","@id":"https:\/\/asikolesar.si\/en\/#organization","name":"A si kolesar? Si!","url":"https:\/\/asikolesar.si\/en\/","logo":{"@type":"ImageObject","inLanguage":"en-US","@id":"https:\/\/asikolesar.si\/en\/#\/schema\/logo\/image\/","url":"https:\/\/asikolesar.si\/wp-content\/uploads\/2025\/04\/logotip-A-SI-KOLESAR_horizontalni-barvni.svg","contentUrl":"https:\/\/asikolesar.si\/wp-content\/uploads\/2025\/04\/logotip-A-SI-KOLESAR_horizontalni-barvni.svg","width":337,"height":57,"caption":"A si kolesar? Si!"},"image":{"@id":"https:\/\/asikolesar.si\/en\/#\/schema\/logo\/image\/"},"sameAs":["https:\/\/www.facebook.com\/aSiKolesar\/","https:\/\/www.instagram.com\/a_si_kolesar\/"]}]}},"_links":{"self":[{"href":"https:\/\/asikolesar.si\/en\/wp-json\/wp\/v2\/pages\/4390","targetHints":{"allow":["GET"]}}],"collection":[{"href":"https:\/\/asikolesar.si\/en\/wp-json\/wp\/v2\/pages"}],"about":[{"href":"https:\/\/asikolesar.si\/en\/wp-json\/wp\/v2\/types\/page"}],"author":[{"embeddable":true,"href":"https:\/\/asikolesar.si\/en\/wp-json\/wp\/v2\/users\/1"}],"replies":[{"embeddable":true,"href":"https:\/\/asikolesar.si\/en\/wp-json\/wp\/v2\/comments?post=4390"}],"version-history":[{"count":1,"href":"https:\/\/asikolesar.si\/en\/wp-json\/wp\/v2\/pages\/4390\/revisions"}],"predecessor-version":[{"id":4392,"href":"https:\/\/asikolesar.si\/en\/wp-json\/wp\/v2\/pages\/4390\/revisions\/4392"}],"wp:attachment":[{"href":"https:\/\/asikolesar.si\/en\/wp-json\/wp\/v2\/media?parent=4390"}],"curies":[{"name":"wp","href":"https:\/\/api.w.org\/{rel}","templated":true}]}}