{"id":4430,"date":"2025-06-08T16:18:32","date_gmt":"2025-06-08T16:18:32","guid":{"rendered":"https:\/\/asikolesar.si\/izdelek\/kenzel-signora-28-womens-city-bike\/"},"modified":"2025-06-08T16:18:32","modified_gmt":"2025-06-08T16:18:32","slug":"kenzel-signora-28-womens-city-bike","status":"publish","type":"product","link":"https:\/\/asikolesar.si\/en\/izdelek\/kenzel-signora-28-womens-city-bike\/","title":{"rendered":"Kenzel SIGNORA 28&#8221; Women&#8217;s City Bike"},"content":{"rendered":"","protected":false},"excerpt":{"rendered":"<p>FRAME: Steel<br \/>\nFORK: Steel<br \/>\nGEARS: 6<br \/>\nWHEEL SIZE: 28 (700c)<br \/>\nREAR DERAILLEUR: Shimano Tourney RD-TZ50, 6-speed<br \/>\nSHIFTERS: Shimano SL-RS35, RevoShift, 1&#215;6<br \/>\nCRANKSET: Steel 46T<br \/>\nFREEWHEEL: Shimano MF-TZ20 14-28T 6P<br \/>\nHUBS F\/R: alu<br \/>\nRIMS: RMK Soa Natural GBS<br \/>\nBRAKES: Saccon V-brake<\/p>\n<p>EQUIPMENT:<br \/>\n&#8211; Fenders<br \/>\n&#8211; Chain guard<br \/>\n&#8211; Battery lights<br \/>\n&#8211; Rear rack<br \/>\n&#8211; Kickstand<\/p>\n<p>This bike is not like your Tinder date \u2013 you have to see it in person before you say &#8216;yes&#8217;. Visit us in-store!<\/p>\n","protected":false},"featured_media":3913,"template":"","meta":{"_acf_changed":false,"_gspb_post_css":""},"product_brand":[],"product_cat":[105],"product_tag":[],"class_list":{"0":"post-4430","1":"product","2":"type-product","3":"status-publish","4":"has-post-thumbnail","6":"product_cat-new-bikes","8":"first","9":"instock","10":"shipping-taxable","11":"purchasable","12":"product-type-simple"},"acf":[],"ct_brands":[],"yoast_head":"<!-- This site is optimized with the Yoast SEO plugin v27.0 - https:\/\/yoast.com\/product\/yoast-seo-wordpress\/ -->\n<title>Kenzel SIGNORA 28&#039;&#039; Women&#039;s City Bike - A si kolesar? Si!<\/title>\n<meta name=\"description\" content=\"Discover new city bikes in \u0160i\u0161ka! Comfortable, elegant, and ready for city streets \u2013 check out our selection in-store.\" \/>\n<meta name=\"robots\" content=\"index, follow, max-snippet:-1, max-image-preview:large, max-video-preview:-1\" \/>\n<link rel=\"canonical\" href=\"https:\/\/asikolesar.si\/en\/izdelek\/kenzel-signora-28-womens-city-bike\/\" \/>\n<meta property=\"og:locale\" content=\"en_US\" \/>\n<meta property=\"og:type\" content=\"article\" \/>\n<meta property=\"og:title\" content=\"Kenzel SIGNORA 28&#039;&#039; Women&#039;s City Bike - A si kolesar? Si!\" \/>\n<meta property=\"og:description\" content=\"Discover new city bikes in \u0160i\u0161ka! Comfortable, elegant, and ready for city streets \u2013 check out our selection in-store.\" \/>\n<meta property=\"og:url\" content=\"https:\/\/asikolesar.si\/en\/izdelek\/kenzel-signora-28-womens-city-bike\/\" \/>\n<meta property=\"og:site_name\" content=\"A si kolesar? Si!\" \/>\n<meta property=\"article:publisher\" content=\"https:\/\/www.facebook.com\/aSiKolesar\/\" \/>\n<meta property=\"og:image\" content=\"https:\/\/asikolesar.si\/wp-content\/uploads\/2025\/06\/KENZEL-SIGNORA-roza_zensko-mestno-kolo.jpg\" \/>\n\t<meta property=\"og:image:width\" content=\"800\" \/>\n\t<meta property=\"og:image:height\" content=\"800\" \/>\n\t<meta property=\"og:image:type\" content=\"image\/jpeg\" \/>\n<meta name=\"twitter:card\" content=\"summary_large_image\" \/>\n<script type=\"application\/ld+json\" class=\"yoast-schema-graph\">{\"@context\":\"https:\/\/schema.org\",\"@graph\":[{\"@type\":\"WebPage\",\"@id\":\"https:\/\/asikolesar.si\/en\/izdelek\/kenzel-signora-28-womens-city-bike\/\",\"url\":\"https:\/\/asikolesar.si\/en\/izdelek\/kenzel-signora-28-womens-city-bike\/\",\"name\":\"Kenzel SIGNORA 28'' Women's City Bike - A si kolesar? Si!\",\"isPartOf\":{\"@id\":\"https:\/\/asikolesar.si\/en\/#website\"},\"primaryImageOfPage\":{\"@id\":\"https:\/\/asikolesar.si\/en\/izdelek\/kenzel-signora-28-womens-city-bike\/#primaryimage\"},\"image\":{\"@id\":\"https:\/\/asikolesar.si\/en\/izdelek\/kenzel-signora-28-womens-city-bike\/#primaryimage\"},\"thumbnailUrl\":\"https:\/\/asikolesar.si\/wp-content\/uploads\/2025\/06\/KENZEL-SIGNORA-roza_zensko-mestno-kolo.jpg\",\"datePublished\":\"2025-06-08T16:18:32+00:00\",\"description\":\"Discover new city bikes in \u0160i\u0161ka! Comfortable, elegant, and ready for city streets \u2013 check out our selection in-store.\",\"breadcrumb\":{\"@id\":\"https:\/\/asikolesar.si\/en\/izdelek\/kenzel-signora-28-womens-city-bike\/#breadcrumb\"},\"inLanguage\":\"en-US\",\"potentialAction\":[{\"@type\":\"ReadAction\",\"target\":[\"https:\/\/asikolesar.si\/en\/izdelek\/kenzel-signora-28-womens-city-bike\/\"]}]},{\"@type\":\"ImageObject\",\"inLanguage\":\"en-US\",\"@id\":\"https:\/\/asikolesar.si\/en\/izdelek\/kenzel-signora-28-womens-city-bike\/#primaryimage\",\"url\":\"https:\/\/asikolesar.si\/wp-content\/uploads\/2025\/06\/KENZEL-SIGNORA-roza_zensko-mestno-kolo.jpg\",\"contentUrl\":\"https:\/\/asikolesar.si\/wp-content\/uploads\/2025\/06\/KENZEL-SIGNORA-roza_zensko-mestno-kolo.jpg\",\"width\":800,\"height\":800,\"caption\":\"Alluring comfort for city rides.\"},{\"@type\":\"BreadcrumbList\",\"@id\":\"https:\/\/asikolesar.si\/en\/izdelek\/kenzel-signora-28-womens-city-bike\/#breadcrumb\",\"itemListElement\":[{\"@type\":\"ListItem\",\"position\":1,\"name\":\"Home\",\"item\":\"https:\/\/asikolesar.si\/en\/\"},{\"@type\":\"ListItem\",\"position\":2,\"name\":\"Shop\",\"item\":\"https:\/\/asikolesar.si\/en\/shop\/\"},{\"@type\":\"ListItem\",\"position\":3,\"name\":\"Kenzel SIGNORA 28&#8221; Women&#8217;s City Bike\"}]},{\"@type\":\"WebSite\",\"@id\":\"https:\/\/asikolesar.si\/en\/#website\",\"url\":\"https:\/\/asikolesar.si\/en\/\",\"name\":\"A si kolesar? Si!\",\"description\":\"Servis koles in podobnih \u010dudes - Ljubljana (\u0160i\u0161ka)\",\"publisher\":{\"@id\":\"https:\/\/asikolesar.si\/en\/#organization\"},\"potentialAction\":[{\"@type\":\"SearchAction\",\"target\":{\"@type\":\"EntryPoint\",\"urlTemplate\":\"https:\/\/asikolesar.si\/en\/?s={search_term_string}\"},\"query-input\":{\"@type\":\"PropertyValueSpecification\",\"valueRequired\":true,\"valueName\":\"search_term_string\"}}],\"inLanguage\":\"en-US\"},{\"@type\":\"Organization\",\"@id\":\"https:\/\/asikolesar.si\/en\/#organization\",\"name\":\"A si kolesar? Si!\",\"url\":\"https:\/\/asikolesar.si\/en\/\",\"logo\":{\"@type\":\"ImageObject\",\"inLanguage\":\"en-US\",\"@id\":\"https:\/\/asikolesar.si\/en\/#\/schema\/logo\/image\/\",\"url\":\"https:\/\/asikolesar.si\/wp-content\/uploads\/2025\/04\/logotip-A-SI-KOLESAR_horizontalni-barvni.svg\",\"contentUrl\":\"https:\/\/asikolesar.si\/wp-content\/uploads\/2025\/04\/logotip-A-SI-KOLESAR_horizontalni-barvni.svg\",\"width\":337,\"height\":57,\"caption\":\"A si kolesar? Si!\"},\"image\":{\"@id\":\"https:\/\/asikolesar.si\/en\/#\/schema\/logo\/image\/\"},\"sameAs\":[\"https:\/\/www.facebook.com\/aSiKolesar\/\",\"https:\/\/www.instagram.com\/a_si_kolesar\/\"]}]}<\/script>\n<!-- \/ Yoast SEO plugin. -->","yoast_head_json":{"title":"Kenzel SIGNORA 28'' Women's City Bike - A si kolesar? Si!","description":"Discover new city bikes in \u0160i\u0161ka! Comfortable, elegant, and ready for city streets \u2013 check out our selection in-store.","robots":{"index":"index","follow":"follow","max-snippet":"max-snippet:-1","max-image-preview":"max-image-preview:large","max-video-preview":"max-video-preview:-1"},"canonical":"https:\/\/asikolesar.si\/en\/izdelek\/kenzel-signora-28-womens-city-bike\/","og_locale":"en_US","og_type":"article","og_title":"Kenzel SIGNORA 28'' Women's City Bike - A si kolesar? Si!","og_description":"Discover new city bikes in \u0160i\u0161ka! Comfortable, elegant, and ready for city streets \u2013 check out our selection in-store.","og_url":"https:\/\/asikolesar.si\/en\/izdelek\/kenzel-signora-28-womens-city-bike\/","og_site_name":"A si kolesar? Si!","article_publisher":"https:\/\/www.facebook.com\/aSiKolesar\/","og_image":[{"width":800,"height":800,"url":"https:\/\/asikolesar.si\/wp-content\/uploads\/2025\/06\/KENZEL-SIGNORA-roza_zensko-mestno-kolo.jpg","type":"image\/jpeg"}],"twitter_card":"summary_large_image","schema":{"@context":"https:\/\/schema.org","@graph":[{"@type":"WebPage","@id":"https:\/\/asikolesar.si\/en\/izdelek\/kenzel-signora-28-womens-city-bike\/","url":"https:\/\/asikolesar.si\/en\/izdelek\/kenzel-signora-28-womens-city-bike\/","name":"Kenzel SIGNORA 28'' Women's City Bike - A si kolesar? Si!","isPartOf":{"@id":"https:\/\/asikolesar.si\/en\/#website"},"primaryImageOfPage":{"@id":"https:\/\/asikolesar.si\/en\/izdelek\/kenzel-signora-28-womens-city-bike\/#primaryimage"},"image":{"@id":"https:\/\/asikolesar.si\/en\/izdelek\/kenzel-signora-28-womens-city-bike\/#primaryimage"},"thumbnailUrl":"https:\/\/asikolesar.si\/wp-content\/uploads\/2025\/06\/KENZEL-SIGNORA-roza_zensko-mestno-kolo.jpg","datePublished":"2025-06-08T16:18:32+00:00","description":"Discover new city bikes in \u0160i\u0161ka! Comfortable, elegant, and ready for city streets \u2013 check out our selection in-store.","breadcrumb":{"@id":"https:\/\/asikolesar.si\/en\/izdelek\/kenzel-signora-28-womens-city-bike\/#breadcrumb"},"inLanguage":"en-US","potentialAction":[{"@type":"ReadAction","target":["https:\/\/asikolesar.si\/en\/izdelek\/kenzel-signora-28-womens-city-bike\/"]}]},{"@type":"ImageObject","inLanguage":"en-US","@id":"https:\/\/asikolesar.si\/en\/izdelek\/kenzel-signora-28-womens-city-bike\/#primaryimage","url":"https:\/\/asikolesar.si\/wp-content\/uploads\/2025\/06\/KENZEL-SIGNORA-roza_zensko-mestno-kolo.jpg","contentUrl":"https:\/\/asikolesar.si\/wp-content\/uploads\/2025\/06\/KENZEL-SIGNORA-roza_zensko-mestno-kolo.jpg","width":800,"height":800,"caption":"Alluring comfort for city rides."},{"@type":"BreadcrumbList","@id":"https:\/\/asikolesar.si\/en\/izdelek\/kenzel-signora-28-womens-city-bike\/#breadcrumb","itemListElement":[{"@type":"ListItem","position":1,"name":"Home","item":"https:\/\/asikolesar.si\/en\/"},{"@type":"ListItem","position":2,"name":"Shop","item":"https:\/\/asikolesar.si\/en\/shop\/"},{"@type":"ListItem","position":3,"name":"Kenzel SIGNORA 28&#8221; Women&#8217;s City Bike"}]},{"@type":"WebSite","@id":"https:\/\/asikolesar.si\/en\/#website","url":"https:\/\/asikolesar.si\/en\/","name":"A si kolesar? Si!","description":"Servis koles in podobnih \u010dudes - Ljubljana (\u0160i\u0161ka)","publisher":{"@id":"https:\/\/asikolesar.si\/en\/#organization"},"potentialAction":[{"@type":"SearchAction","target":{"@type":"EntryPoint","urlTemplate":"https:\/\/asikolesar.si\/en\/?s={search_term_string}"},"query-input":{"@type":"PropertyValueSpecification","valueRequired":true,"valueName":"search_term_string"}}],"inLanguage":"en-US"},{"@type":"Organization","@id":"https:\/\/asikolesar.si\/en\/#organization","name":"A si kolesar? Si!","url":"https:\/\/asikolesar.si\/en\/","logo":{"@type":"ImageObject","inLanguage":"en-US","@id":"https:\/\/asikolesar.si\/en\/#\/schema\/logo\/image\/","url":"https:\/\/asikolesar.si\/wp-content\/uploads\/2025\/04\/logotip-A-SI-KOLESAR_horizontalni-barvni.svg","contentUrl":"https:\/\/asikolesar.si\/wp-content\/uploads\/2025\/04\/logotip-A-SI-KOLESAR_horizontalni-barvni.svg","width":337,"height":57,"caption":"A si kolesar? Si!"},"image":{"@id":"https:\/\/asikolesar.si\/en\/#\/schema\/logo\/image\/"},"sameAs":["https:\/\/www.facebook.com\/aSiKolesar\/","https:\/\/www.instagram.com\/a_si_kolesar\/"]}]}},"_links":{"self":[{"href":"https:\/\/asikolesar.si\/en\/wp-json\/wp\/v2\/product\/4430","targetHints":{"allow":["GET"]}}],"collection":[{"href":"https:\/\/asikolesar.si\/en\/wp-json\/wp\/v2\/product"}],"about":[{"href":"https:\/\/asikolesar.si\/en\/wp-json\/wp\/v2\/types\/product"}],"wp:featuredmedia":[{"embeddable":true,"href":"https:\/\/asikolesar.si\/en\/wp-json\/wp\/v2\/media\/3913"}],"wp:attachment":[{"href":"https:\/\/asikolesar.si\/en\/wp-json\/wp\/v2\/media?parent=4430"}],"wp:term":[{"taxonomy":"product_brand","embeddable":true,"href":"https:\/\/asikolesar.si\/en\/wp-json\/wp\/v2\/product_brand?post=4430"},{"taxonomy":"product_cat","embeddable":true,"href":"https:\/\/asikolesar.si\/en\/wp-json\/wp\/v2\/product_cat?post=4430"},{"taxonomy":"product_tag","embeddable":true,"href":"https:\/\/asikolesar.si\/en\/wp-json\/wp\/v2\/product_tag?post=4430"}],"curies":[{"name":"wp","href":"https:\/\/api.w.org\/{rel}","templated":true}]}}