{"id":4464,"date":"2025-06-13T08:20:42","date_gmt":"2025-06-13T08:20:42","guid":{"rendered":"https:\/\/asikolesar.si\/izdelek\/rock-machine-crossride-int-e400-lady-womens-electric-bike\/"},"modified":"2025-06-13T08:20:42","modified_gmt":"2025-06-13T08:20:42","slug":"rock-machine-crossride-int-e400-lady-womens-electric-bike","status":"publish","type":"product","link":"https:\/\/asikolesar.si\/en\/izdelek\/rock-machine-crossride-int-e400-lady-womens-electric-bike\/","title":{"rendered":"Rock Machine CROSSRIDE INT E400 LADY Women&#8217;s Electric Bike"},"content":{"rendered":"","protected":false},"excerpt":{"rendered":"<p>The bike is subsidized by \u20ac446.07<\/p>\n<p><strong>Subsidized price: \u20ac1,338.23<\/strong><\/p>\n<p>Claim the subsidy from the Climate Change Fund on this website: <a href=\"https:\/\/borzen.si\/sl-si\/podpore-za-mobilnost\/subvencije-za-nakup-elektricnih-koles\">borzen.si<\/a><\/p>\n<p>The Rock Machine Crossride INT e400 Lady Touring women&#8217;s electric trekking bike features a new, modern drive unit with a central Shimano Steps E5000 motor. Its reliable aluminum frame with a lower top tube makes it easier for even older users to mount the bike. A wider handlebar ensures stability, even off paved roads. The handlebar display allows you to monitor and adjust your riding mode. Hydraulic disc brakes provide quick and safe stopping. Quality Shimano components ensure a maximally smooth ride. The bike&#8217;s sophisticated design is complemented by: integrated cable routing, a built-in lock, fenders, a rear rack, front and rear lights, a bell, a kickstand, and a front suspension fork. With this bike, you can embark on long cycling trips, commute to work, or run daily errands.       <\/p>\n<p>SIZES: S (15&#8243;), M (17&#8243;), L (19&#8243;)<\/p>\n<p>FRAME: Alloy Al-6061 T6 Custom MONO tubing<br \/>\nFORK: ZOOM 187D AMS HLO, 1-1\/8&#8243;, Coil, QR Type, LO, 65 mm travel<br \/>\nor<br \/>\nFORK: RST Blaze 29 TNL-F, 1-1\/8&#8243;, Coil, QR Type, Lockout, 80mm travel<br \/>\nGEARS: 9<br \/>\nREAR DERAILLEUR: SHIMANO ALTUS RD-M2000 Shadow<br \/>\nFRONT DERAILLEUR: \/<br \/>\nSHIFTERS.    SHIFTERS: SHIMANO ALTUS SL-M2010-9R RapidFire Plus, 1&#215;9<br \/>\nCRANKSET: SHIMANO FC-E5010, 38T<br \/>\nREAR CASSETTE: SHIMANO ACERA CS-HG200-9, 11-36T<br \/>\nBRAKES: SHIMANO BR-MT200, 160\/160mm hydraulic disc<br \/>\nHUB F\/R: SHIMANO TX HB-TX505, 32H\/SHIMANO TX FHTX505-8, 32H<br \/>\nRIM: WTB SX19, 32H<br \/>\nSYSTEM: SHIMANO STEPS E5000 &#8211; Middle Drive Unit<br \/>\nBATTERY: DARFON, 504 Wh, in-frame mount<br \/>\nDRIVE UNIT: SHIMANO STEPS E5000, 36V, 250W, 40Nm<br \/>\nDISPLAY: SHIMANO SC-E5000, Clamp band<br \/>\nWEIGHT: 24.5 kg<\/p>\n","protected":false},"featured_media":4051,"template":"","meta":{"_acf_changed":false,"_gspb_post_css":""},"product_brand":[],"product_cat":[105],"product_tag":[],"class_list":{"0":"post-4464","1":"product","2":"type-product","3":"status-publish","4":"has-post-thumbnail","6":"product_cat-new-bikes","8":"first","9":"instock","10":"shipping-taxable","11":"purchasable","12":"product-type-simple"},"acf":[],"ct_brands":[],"yoast_head":"<!-- This site is optimized with the Yoast SEO plugin v27.0 - https:\/\/yoast.com\/product\/yoast-seo-wordpress\/ -->\n<title>Rock Machine CROSSRIDE INT E400 LADY Women&#039;s Electric Bike - A si kolesar? Si!<\/title>\n<meta name=\"description\" content=\"Discover electric bikes with subsidy options \u2013 a comfortable and sustainable urban ride awaits you. Visit us at Celov\u0161ka 62 and test ride a bike.\" \/>\n<meta name=\"robots\" content=\"index, follow, max-snippet:-1, max-image-preview:large, max-video-preview:-1\" \/>\n<link rel=\"canonical\" href=\"https:\/\/asikolesar.si\/en\/izdelek\/rock-machine-crossride-int-e400-lady-womens-electric-bike\/\" \/>\n<meta property=\"og:locale\" content=\"en_US\" \/>\n<meta property=\"og:type\" content=\"article\" \/>\n<meta property=\"og:title\" content=\"Rock Machine CROSSRIDE INT E400 LADY Women&#039;s Electric Bike - A si kolesar? Si!\" \/>\n<meta property=\"og:description\" content=\"Discover electric bikes with subsidy options \u2013 a comfortable and sustainable urban ride awaits you. Visit us at Celov\u0161ka 62 and test ride a bike.\" \/>\n<meta property=\"og:url\" content=\"https:\/\/asikolesar.si\/en\/izdelek\/rock-machine-crossride-int-e400-lady-womens-electric-bike\/\" \/>\n<meta property=\"og:site_name\" content=\"A si kolesar? Si!\" \/>\n<meta property=\"article:publisher\" content=\"https:\/\/www.facebook.com\/aSiKolesar\/\" \/>\n<meta property=\"og:image\" content=\"https:\/\/asikolesar.si\/wp-content\/uploads\/2025\/06\/elektricno-mestno-kolo-ROCK-MACHINE-CROSSRIDE-lady.jpg\" \/>\n\t<meta property=\"og:image:width\" content=\"800\" \/>\n\t<meta property=\"og:image:height\" content=\"800\" \/>\n\t<meta property=\"og:image:type\" content=\"image\/jpeg\" \/>\n<meta name=\"twitter:card\" content=\"summary_large_image\" \/>\n<script type=\"application\/ld+json\" class=\"yoast-schema-graph\">{\"@context\":\"https:\/\/schema.org\",\"@graph\":[{\"@type\":\"WebPage\",\"@id\":\"https:\/\/asikolesar.si\/en\/izdelek\/rock-machine-crossride-int-e400-lady-womens-electric-bike\/\",\"url\":\"https:\/\/asikolesar.si\/en\/izdelek\/rock-machine-crossride-int-e400-lady-womens-electric-bike\/\",\"name\":\"Rock Machine CROSSRIDE INT E400 LADY Women's Electric Bike - A si kolesar? Si!\",\"isPartOf\":{\"@id\":\"https:\/\/asikolesar.si\/en\/#website\"},\"primaryImageOfPage\":{\"@id\":\"https:\/\/asikolesar.si\/en\/izdelek\/rock-machine-crossride-int-e400-lady-womens-electric-bike\/#primaryimage\"},\"image\":{\"@id\":\"https:\/\/asikolesar.si\/en\/izdelek\/rock-machine-crossride-int-e400-lady-womens-electric-bike\/#primaryimage\"},\"thumbnailUrl\":\"https:\/\/asikolesar.si\/wp-content\/uploads\/2025\/06\/elektricno-mestno-kolo-ROCK-MACHINE-CROSSRIDE-lady.jpg\",\"datePublished\":\"2025-06-13T08:20:42+00:00\",\"description\":\"Discover electric bikes with subsidy options \u2013 a comfortable and sustainable urban ride awaits you. Visit us at Celov\u0161ka 62 and test ride a bike.\",\"breadcrumb\":{\"@id\":\"https:\/\/asikolesar.si\/en\/izdelek\/rock-machine-crossride-int-e400-lady-womens-electric-bike\/#breadcrumb\"},\"inLanguage\":\"en-US\",\"potentialAction\":[{\"@type\":\"ReadAction\",\"target\":[\"https:\/\/asikolesar.si\/en\/izdelek\/rock-machine-crossride-int-e400-lady-womens-electric-bike\/\"]}]},{\"@type\":\"ImageObject\",\"inLanguage\":\"en-US\",\"@id\":\"https:\/\/asikolesar.si\/en\/izdelek\/rock-machine-crossride-int-e400-lady-womens-electric-bike\/#primaryimage\",\"url\":\"https:\/\/asikolesar.si\/wp-content\/uploads\/2025\/06\/elektricno-mestno-kolo-ROCK-MACHINE-CROSSRIDE-lady.jpg\",\"contentUrl\":\"https:\/\/asikolesar.si\/wp-content\/uploads\/2025\/06\/elektricno-mestno-kolo-ROCK-MACHINE-CROSSRIDE-lady.jpg\",\"width\":800,\"height\":800,\"caption\":\"Your subsidy, your ride \u2013 we help with everything.\"},{\"@type\":\"BreadcrumbList\",\"@id\":\"https:\/\/asikolesar.si\/en\/izdelek\/rock-machine-crossride-int-e400-lady-womens-electric-bike\/#breadcrumb\",\"itemListElement\":[{\"@type\":\"ListItem\",\"position\":1,\"name\":\"Home\",\"item\":\"https:\/\/asikolesar.si\/en\/\"},{\"@type\":\"ListItem\",\"position\":2,\"name\":\"Shop\",\"item\":\"https:\/\/asikolesar.si\/en\/shop\/\"},{\"@type\":\"ListItem\",\"position\":3,\"name\":\"Rock Machine CROSSRIDE INT E400 LADY Women&#8217;s Electric Bike\"}]},{\"@type\":\"WebSite\",\"@id\":\"https:\/\/asikolesar.si\/en\/#website\",\"url\":\"https:\/\/asikolesar.si\/en\/\",\"name\":\"A si kolesar? Si!\",\"description\":\"Servis koles in podobnih \u010dudes - Ljubljana (\u0160i\u0161ka)\",\"publisher\":{\"@id\":\"https:\/\/asikolesar.si\/en\/#organization\"},\"potentialAction\":[{\"@type\":\"SearchAction\",\"target\":{\"@type\":\"EntryPoint\",\"urlTemplate\":\"https:\/\/asikolesar.si\/en\/?s={search_term_string}\"},\"query-input\":{\"@type\":\"PropertyValueSpecification\",\"valueRequired\":true,\"valueName\":\"search_term_string\"}}],\"inLanguage\":\"en-US\"},{\"@type\":\"Organization\",\"@id\":\"https:\/\/asikolesar.si\/en\/#organization\",\"name\":\"A si kolesar? Si!\",\"url\":\"https:\/\/asikolesar.si\/en\/\",\"logo\":{\"@type\":\"ImageObject\",\"inLanguage\":\"en-US\",\"@id\":\"https:\/\/asikolesar.si\/en\/#\/schema\/logo\/image\/\",\"url\":\"https:\/\/asikolesar.si\/wp-content\/uploads\/2025\/04\/logotip-A-SI-KOLESAR_horizontalni-barvni.svg\",\"contentUrl\":\"https:\/\/asikolesar.si\/wp-content\/uploads\/2025\/04\/logotip-A-SI-KOLESAR_horizontalni-barvni.svg\",\"width\":337,\"height\":57,\"caption\":\"A si kolesar? Si!\"},\"image\":{\"@id\":\"https:\/\/asikolesar.si\/en\/#\/schema\/logo\/image\/\"},\"sameAs\":[\"https:\/\/www.facebook.com\/aSiKolesar\/\",\"https:\/\/www.instagram.com\/a_si_kolesar\/\"]}]}<\/script>\n<!-- \/ Yoast SEO plugin. -->","yoast_head_json":{"title":"Rock Machine CROSSRIDE INT E400 LADY Women's Electric Bike - A si kolesar? Si!","description":"Discover electric bikes with subsidy options \u2013 a comfortable and sustainable urban ride awaits you. Visit us at Celov\u0161ka 62 and test ride a bike.","robots":{"index":"index","follow":"follow","max-snippet":"max-snippet:-1","max-image-preview":"max-image-preview:large","max-video-preview":"max-video-preview:-1"},"canonical":"https:\/\/asikolesar.si\/en\/izdelek\/rock-machine-crossride-int-e400-lady-womens-electric-bike\/","og_locale":"en_US","og_type":"article","og_title":"Rock Machine CROSSRIDE INT E400 LADY Women's Electric Bike - A si kolesar? Si!","og_description":"Discover electric bikes with subsidy options \u2013 a comfortable and sustainable urban ride awaits you. Visit us at Celov\u0161ka 62 and test ride a bike.","og_url":"https:\/\/asikolesar.si\/en\/izdelek\/rock-machine-crossride-int-e400-lady-womens-electric-bike\/","og_site_name":"A si kolesar? Si!","article_publisher":"https:\/\/www.facebook.com\/aSiKolesar\/","og_image":[{"width":800,"height":800,"url":"https:\/\/asikolesar.si\/wp-content\/uploads\/2025\/06\/elektricno-mestno-kolo-ROCK-MACHINE-CROSSRIDE-lady.jpg","type":"image\/jpeg"}],"twitter_card":"summary_large_image","schema":{"@context":"https:\/\/schema.org","@graph":[{"@type":"WebPage","@id":"https:\/\/asikolesar.si\/en\/izdelek\/rock-machine-crossride-int-e400-lady-womens-electric-bike\/","url":"https:\/\/asikolesar.si\/en\/izdelek\/rock-machine-crossride-int-e400-lady-womens-electric-bike\/","name":"Rock Machine CROSSRIDE INT E400 LADY Women's Electric Bike - A si kolesar? Si!","isPartOf":{"@id":"https:\/\/asikolesar.si\/en\/#website"},"primaryImageOfPage":{"@id":"https:\/\/asikolesar.si\/en\/izdelek\/rock-machine-crossride-int-e400-lady-womens-electric-bike\/#primaryimage"},"image":{"@id":"https:\/\/asikolesar.si\/en\/izdelek\/rock-machine-crossride-int-e400-lady-womens-electric-bike\/#primaryimage"},"thumbnailUrl":"https:\/\/asikolesar.si\/wp-content\/uploads\/2025\/06\/elektricno-mestno-kolo-ROCK-MACHINE-CROSSRIDE-lady.jpg","datePublished":"2025-06-13T08:20:42+00:00","description":"Discover electric bikes with subsidy options \u2013 a comfortable and sustainable urban ride awaits you. Visit us at Celov\u0161ka 62 and test ride a bike.","breadcrumb":{"@id":"https:\/\/asikolesar.si\/en\/izdelek\/rock-machine-crossride-int-e400-lady-womens-electric-bike\/#breadcrumb"},"inLanguage":"en-US","potentialAction":[{"@type":"ReadAction","target":["https:\/\/asikolesar.si\/en\/izdelek\/rock-machine-crossride-int-e400-lady-womens-electric-bike\/"]}]},{"@type":"ImageObject","inLanguage":"en-US","@id":"https:\/\/asikolesar.si\/en\/izdelek\/rock-machine-crossride-int-e400-lady-womens-electric-bike\/#primaryimage","url":"https:\/\/asikolesar.si\/wp-content\/uploads\/2025\/06\/elektricno-mestno-kolo-ROCK-MACHINE-CROSSRIDE-lady.jpg","contentUrl":"https:\/\/asikolesar.si\/wp-content\/uploads\/2025\/06\/elektricno-mestno-kolo-ROCK-MACHINE-CROSSRIDE-lady.jpg","width":800,"height":800,"caption":"Your subsidy, your ride \u2013 we help with everything."},{"@type":"BreadcrumbList","@id":"https:\/\/asikolesar.si\/en\/izdelek\/rock-machine-crossride-int-e400-lady-womens-electric-bike\/#breadcrumb","itemListElement":[{"@type":"ListItem","position":1,"name":"Home","item":"https:\/\/asikolesar.si\/en\/"},{"@type":"ListItem","position":2,"name":"Shop","item":"https:\/\/asikolesar.si\/en\/shop\/"},{"@type":"ListItem","position":3,"name":"Rock Machine CROSSRIDE INT E400 LADY Women&#8217;s Electric Bike"}]},{"@type":"WebSite","@id":"https:\/\/asikolesar.si\/en\/#website","url":"https:\/\/asikolesar.si\/en\/","name":"A si kolesar? Si!","description":"Servis koles in podobnih \u010dudes - Ljubljana (\u0160i\u0161ka)","publisher":{"@id":"https:\/\/asikolesar.si\/en\/#organization"},"potentialAction":[{"@type":"SearchAction","target":{"@type":"EntryPoint","urlTemplate":"https:\/\/asikolesar.si\/en\/?s={search_term_string}"},"query-input":{"@type":"PropertyValueSpecification","valueRequired":true,"valueName":"search_term_string"}}],"inLanguage":"en-US"},{"@type":"Organization","@id":"https:\/\/asikolesar.si\/en\/#organization","name":"A si kolesar? Si!","url":"https:\/\/asikolesar.si\/en\/","logo":{"@type":"ImageObject","inLanguage":"en-US","@id":"https:\/\/asikolesar.si\/en\/#\/schema\/logo\/image\/","url":"https:\/\/asikolesar.si\/wp-content\/uploads\/2025\/04\/logotip-A-SI-KOLESAR_horizontalni-barvni.svg","contentUrl":"https:\/\/asikolesar.si\/wp-content\/uploads\/2025\/04\/logotip-A-SI-KOLESAR_horizontalni-barvni.svg","width":337,"height":57,"caption":"A si kolesar? Si!"},"image":{"@id":"https:\/\/asikolesar.si\/en\/#\/schema\/logo\/image\/"},"sameAs":["https:\/\/www.facebook.com\/aSiKolesar\/","https:\/\/www.instagram.com\/a_si_kolesar\/"]}]}},"_links":{"self":[{"href":"https:\/\/asikolesar.si\/en\/wp-json\/wp\/v2\/product\/4464","targetHints":{"allow":["GET"]}}],"collection":[{"href":"https:\/\/asikolesar.si\/en\/wp-json\/wp\/v2\/product"}],"about":[{"href":"https:\/\/asikolesar.si\/en\/wp-json\/wp\/v2\/types\/product"}],"wp:featuredmedia":[{"embeddable":true,"href":"https:\/\/asikolesar.si\/en\/wp-json\/wp\/v2\/media\/4051"}],"wp:attachment":[{"href":"https:\/\/asikolesar.si\/en\/wp-json\/wp\/v2\/media?parent=4464"}],"wp:term":[{"taxonomy":"product_brand","embeddable":true,"href":"https:\/\/asikolesar.si\/en\/wp-json\/wp\/v2\/product_brand?post=4464"},{"taxonomy":"product_cat","embeddable":true,"href":"https:\/\/asikolesar.si\/en\/wp-json\/wp\/v2\/product_cat?post=4464"},{"taxonomy":"product_tag","embeddable":true,"href":"https:\/\/asikolesar.si\/en\/wp-json\/wp\/v2\/product_tag?post=4464"}],"curies":[{"name":"wp","href":"https:\/\/api.w.org\/{rel}","templated":true}]}}