{"id":4465,"date":"2025-06-13T08:04:57","date_gmt":"2025-06-13T08:04:57","guid":{"rendered":"https:\/\/asikolesar.si\/izdelek\/rock-machine-crossride-e400t-electric-bicycle\/"},"modified":"2025-09-07T02:20:39","modified_gmt":"2025-09-07T02:20:39","slug":"rock-machine-crossride-e400t-electric-bicycle","status":"publish","type":"product","link":"https:\/\/asikolesar.si\/en\/izdelek\/rock-machine-crossride-e400t-electric-bicycle\/","title":{"rendered":"Rock Machine CROSSRIDE E400t Electric Bicycle"},"content":{"rendered":"","protected":false},"excerpt":{"rendered":"<p>The bike is subsidized for \u20ac446.07<\/p>\n<p><strong>Subsidized price: \u20ac1,338.23<\/strong><\/p>\n<p>Apply for the subsidy from the Climate Change Fund on this website: <a href=\"https:\/\/borzen.si\/sl-si\/podpore-za-mobilnost\/subvencije-za-nakup-elektricnih-koles\">borzen.si<\/a><\/p>\n<p>For all who love exploring nature in their free time, but choose a bicycle as their means of transport to work during the week, Rock Machine has created the perfect bike: the Rock Machine Crossride E400. The bike is equipped with high-quality components that will contribute to an exceptional cycling experience every time you pedal. The integrated Darfon 504 Wh battery, combined with the Shimano Steps E5000 motor with 40Nm of torque, will provide up to 120 kilometers of range on a single charge. The electric motor allows you to effortlessly conquer both ascents and flat distances. Thanks to its low step-through frame, dismounting the bike will be easy even for older users or those with limited mobility. For comfortable riding on varied terrain, the RST Blaze fork with 80 mm of travel will absorb vibrations. The Shimano Altus shifting system will ensure fast and precise gear changes across 9 speeds. When braking, you can rely on dependable stopping power on various surfaces and in all weather conditions, as the Rock Machine Crossride E400 is equipped with hydraulic disc brakes. With WTB Riddler tires, riding will be reliable on various surfaces, providing good grip on both asphalt and gravel.        <\/p>\n<p>SIZES: S (15&#8243;), M (17&#8243;), L (19&#8243;)<\/p>\n<p>FRAME: Alloy Al-6061 T6 Custom MONO tubing<br \/>\nFORK: RST Blaze, 80 mm travel<br \/>\nGEARS: 9<br \/>\nREAR DERAILLEUR: Shimano Altus RD-M2000 Shadow<br \/>\nFRONT DERAILLEUR: \/<br \/>\nSHIFTERS: Shimano Altus SL-M2010-9R RapidFire Plus, 1&#215;9<br \/>\nCRANKSET: Shimano FC-E5010, 38t<br \/>\nREAR COGSET: Shimano Acera CS-HG200-9, 11-36t<br \/>\nBRAKES: Shimano hydraulic disc brakes<br \/>\nHUB F\/R: Shimano TX HB-TX505, 32L\/Shimano TX FHTX505-8, 32L<br \/>\nRIM: WTB SX19, 32L<br \/>\nSYSTEM: Shimano STEPS E5000 &#8211; Middle Drive Unit<br \/>\nBATTERY: Darfon, 504 Wh, in-frame mount<br \/>\nDRIVE UNIT: Shimano STEPS E5000, 36V, 250W, 40Nm<br \/>\nDISPLAY: Shimano SC-E5000, Clamp band    <\/p>\n<p>&nbsp;<\/p>\n","protected":false},"featured_media":4048,"template":"","meta":{"_acf_changed":false,"_gspb_post_css":""},"product_brand":[],"product_cat":[105],"product_tag":[],"class_list":{"0":"post-4465","1":"product","2":"type-product","3":"status-publish","4":"has-post-thumbnail","6":"product_cat-new-bikes","8":"first","9":"instock","10":"shipping-taxable","11":"purchasable","12":"product-type-simple"},"acf":[],"ct_brands":[],"yoast_head":"<!-- This site is optimized with the Yoast SEO plugin v27.0 - https:\/\/yoast.com\/product\/yoast-seo-wordpress\/ -->\n<title>Rock Machine CROSSRIDE E400t Electric Bicycle - A si kolesar? Si!<\/title>\n<meta name=\"description\" content=\"Electric bicycles with Eco Fund subsidy! Check out our range of city e-bikes, available at a lower price with premium service in Ljubljana.\" \/>\n<meta name=\"robots\" content=\"index, follow, max-snippet:-1, max-image-preview:large, max-video-preview:-1\" \/>\n<link rel=\"canonical\" href=\"https:\/\/asikolesar.si\/en\/izdelek\/rock-machine-crossride-e400t-electric-bicycle\/\" \/>\n<meta property=\"og:locale\" content=\"en_US\" \/>\n<meta property=\"og:type\" content=\"article\" \/>\n<meta property=\"og:title\" content=\"Rock Machine CROSSRIDE E400t Electric Bicycle - A si kolesar? Si!\" \/>\n<meta property=\"og:description\" content=\"Electric bicycles with Eco Fund subsidy! Check out our range of city e-bikes, available at a lower price with premium service in Ljubljana.\" \/>\n<meta property=\"og:url\" content=\"https:\/\/asikolesar.si\/en\/izdelek\/rock-machine-crossride-e400t-electric-bicycle\/\" \/>\n<meta property=\"og:site_name\" content=\"A si kolesar? Si!\" \/>\n<meta property=\"article:publisher\" content=\"https:\/\/www.facebook.com\/aSiKolesar\/\" \/>\n<meta property=\"article:modified_time\" content=\"2025-09-07T02:20:39+00:00\" \/>\n<meta property=\"og:image\" content=\"https:\/\/asikolesar.si\/wp-content\/uploads\/2025\/06\/elektricno-mestno-kolo.jpg-ROCK-MACHINE-CROSSRIDE.jpg\" \/>\n\t<meta property=\"og:image:width\" content=\"800\" \/>\n\t<meta property=\"og:image:height\" content=\"800\" \/>\n\t<meta property=\"og:image:type\" content=\"image\/jpeg\" \/>\n<meta name=\"twitter:card\" content=\"summary_large_image\" \/>\n<script type=\"application\/ld+json\" class=\"yoast-schema-graph\">{\"@context\":\"https:\/\/schema.org\",\"@graph\":[{\"@type\":\"WebPage\",\"@id\":\"https:\/\/asikolesar.si\/en\/izdelek\/rock-machine-crossride-e400t-electric-bicycle\/\",\"url\":\"https:\/\/asikolesar.si\/en\/izdelek\/rock-machine-crossride-e400t-electric-bicycle\/\",\"name\":\"Rock Machine CROSSRIDE E400t Electric Bicycle - A si kolesar? Si!\",\"isPartOf\":{\"@id\":\"https:\/\/asikolesar.si\/en\/#website\"},\"primaryImageOfPage\":{\"@id\":\"https:\/\/asikolesar.si\/en\/izdelek\/rock-machine-crossride-e400t-electric-bicycle\/#primaryimage\"},\"image\":{\"@id\":\"https:\/\/asikolesar.si\/en\/izdelek\/rock-machine-crossride-e400t-electric-bicycle\/#primaryimage\"},\"thumbnailUrl\":\"https:\/\/asikolesar.si\/wp-content\/uploads\/2025\/06\/elektricno-mestno-kolo.jpg-ROCK-MACHINE-CROSSRIDE.jpg\",\"datePublished\":\"2025-06-13T08:04:57+00:00\",\"dateModified\":\"2025-09-07T02:20:39+00:00\",\"description\":\"Electric bicycles with Eco Fund subsidy! Check out our range of city e-bikes, available at a lower price with premium service in Ljubljana.\",\"breadcrumb\":{\"@id\":\"https:\/\/asikolesar.si\/en\/izdelek\/rock-machine-crossride-e400t-electric-bicycle\/#breadcrumb\"},\"inLanguage\":\"en-US\",\"potentialAction\":[{\"@type\":\"ReadAction\",\"target\":[\"https:\/\/asikolesar.si\/en\/izdelek\/rock-machine-crossride-e400t-electric-bicycle\/\"]}]},{\"@type\":\"ImageObject\",\"inLanguage\":\"en-US\",\"@id\":\"https:\/\/asikolesar.si\/en\/izdelek\/rock-machine-crossride-e400t-electric-bicycle\/#primaryimage\",\"url\":\"https:\/\/asikolesar.si\/wp-content\/uploads\/2025\/06\/elektricno-mestno-kolo.jpg-ROCK-MACHINE-CROSSRIDE.jpg\",\"contentUrl\":\"https:\/\/asikolesar.si\/wp-content\/uploads\/2025\/06\/elektricno-mestno-kolo.jpg-ROCK-MACHINE-CROSSRIDE.jpg\",\"width\":800,\"height\":800,\"caption\":\"E-bike riding \u2013 sweat-free, with a smile.\"},{\"@type\":\"BreadcrumbList\",\"@id\":\"https:\/\/asikolesar.si\/en\/izdelek\/rock-machine-crossride-e400t-electric-bicycle\/#breadcrumb\",\"itemListElement\":[{\"@type\":\"ListItem\",\"position\":1,\"name\":\"Home\",\"item\":\"https:\/\/asikolesar.si\/en\/\"},{\"@type\":\"ListItem\",\"position\":2,\"name\":\"Shop\",\"item\":\"https:\/\/asikolesar.si\/en\/shop\/\"},{\"@type\":\"ListItem\",\"position\":3,\"name\":\"Rock Machine CROSSRIDE E400t Electric Bicycle\"}]},{\"@type\":\"WebSite\",\"@id\":\"https:\/\/asikolesar.si\/en\/#website\",\"url\":\"https:\/\/asikolesar.si\/en\/\",\"name\":\"A si kolesar? Si!\",\"description\":\"Servis koles in podobnih \u010dudes - Ljubljana (\u0160i\u0161ka)\",\"publisher\":{\"@id\":\"https:\/\/asikolesar.si\/en\/#organization\"},\"potentialAction\":[{\"@type\":\"SearchAction\",\"target\":{\"@type\":\"EntryPoint\",\"urlTemplate\":\"https:\/\/asikolesar.si\/en\/?s={search_term_string}\"},\"query-input\":{\"@type\":\"PropertyValueSpecification\",\"valueRequired\":true,\"valueName\":\"search_term_string\"}}],\"inLanguage\":\"en-US\"},{\"@type\":\"Organization\",\"@id\":\"https:\/\/asikolesar.si\/en\/#organization\",\"name\":\"A si kolesar? Si!\",\"url\":\"https:\/\/asikolesar.si\/en\/\",\"logo\":{\"@type\":\"ImageObject\",\"inLanguage\":\"en-US\",\"@id\":\"https:\/\/asikolesar.si\/en\/#\/schema\/logo\/image\/\",\"url\":\"https:\/\/asikolesar.si\/wp-content\/uploads\/2025\/04\/logotip-A-SI-KOLESAR_horizontalni-barvni.svg\",\"contentUrl\":\"https:\/\/asikolesar.si\/wp-content\/uploads\/2025\/04\/logotip-A-SI-KOLESAR_horizontalni-barvni.svg\",\"width\":337,\"height\":57,\"caption\":\"A si kolesar? Si!\"},\"image\":{\"@id\":\"https:\/\/asikolesar.si\/en\/#\/schema\/logo\/image\/\"},\"sameAs\":[\"https:\/\/www.facebook.com\/aSiKolesar\/\",\"https:\/\/www.instagram.com\/a_si_kolesar\/\"]}]}<\/script>\n<!-- \/ Yoast SEO plugin. -->","yoast_head_json":{"title":"Rock Machine CROSSRIDE E400t Electric Bicycle - A si kolesar? Si!","description":"Electric bicycles with Eco Fund subsidy! Check out our range of city e-bikes, available at a lower price with premium service in Ljubljana.","robots":{"index":"index","follow":"follow","max-snippet":"max-snippet:-1","max-image-preview":"max-image-preview:large","max-video-preview":"max-video-preview:-1"},"canonical":"https:\/\/asikolesar.si\/en\/izdelek\/rock-machine-crossride-e400t-electric-bicycle\/","og_locale":"en_US","og_type":"article","og_title":"Rock Machine CROSSRIDE E400t Electric Bicycle - A si kolesar? Si!","og_description":"Electric bicycles with Eco Fund subsidy! Check out our range of city e-bikes, available at a lower price with premium service in Ljubljana.","og_url":"https:\/\/asikolesar.si\/en\/izdelek\/rock-machine-crossride-e400t-electric-bicycle\/","og_site_name":"A si kolesar? Si!","article_publisher":"https:\/\/www.facebook.com\/aSiKolesar\/","article_modified_time":"2025-09-07T02:20:39+00:00","og_image":[{"width":800,"height":800,"url":"https:\/\/asikolesar.si\/wp-content\/uploads\/2025\/06\/elektricno-mestno-kolo.jpg-ROCK-MACHINE-CROSSRIDE.jpg","type":"image\/jpeg"}],"twitter_card":"summary_large_image","schema":{"@context":"https:\/\/schema.org","@graph":[{"@type":"WebPage","@id":"https:\/\/asikolesar.si\/en\/izdelek\/rock-machine-crossride-e400t-electric-bicycle\/","url":"https:\/\/asikolesar.si\/en\/izdelek\/rock-machine-crossride-e400t-electric-bicycle\/","name":"Rock Machine CROSSRIDE E400t Electric Bicycle - A si kolesar? Si!","isPartOf":{"@id":"https:\/\/asikolesar.si\/en\/#website"},"primaryImageOfPage":{"@id":"https:\/\/asikolesar.si\/en\/izdelek\/rock-machine-crossride-e400t-electric-bicycle\/#primaryimage"},"image":{"@id":"https:\/\/asikolesar.si\/en\/izdelek\/rock-machine-crossride-e400t-electric-bicycle\/#primaryimage"},"thumbnailUrl":"https:\/\/asikolesar.si\/wp-content\/uploads\/2025\/06\/elektricno-mestno-kolo.jpg-ROCK-MACHINE-CROSSRIDE.jpg","datePublished":"2025-06-13T08:04:57+00:00","dateModified":"2025-09-07T02:20:39+00:00","description":"Electric bicycles with Eco Fund subsidy! Check out our range of city e-bikes, available at a lower price with premium service in Ljubljana.","breadcrumb":{"@id":"https:\/\/asikolesar.si\/en\/izdelek\/rock-machine-crossride-e400t-electric-bicycle\/#breadcrumb"},"inLanguage":"en-US","potentialAction":[{"@type":"ReadAction","target":["https:\/\/asikolesar.si\/en\/izdelek\/rock-machine-crossride-e400t-electric-bicycle\/"]}]},{"@type":"ImageObject","inLanguage":"en-US","@id":"https:\/\/asikolesar.si\/en\/izdelek\/rock-machine-crossride-e400t-electric-bicycle\/#primaryimage","url":"https:\/\/asikolesar.si\/wp-content\/uploads\/2025\/06\/elektricno-mestno-kolo.jpg-ROCK-MACHINE-CROSSRIDE.jpg","contentUrl":"https:\/\/asikolesar.si\/wp-content\/uploads\/2025\/06\/elektricno-mestno-kolo.jpg-ROCK-MACHINE-CROSSRIDE.jpg","width":800,"height":800,"caption":"E-bike riding \u2013 sweat-free, with a smile."},{"@type":"BreadcrumbList","@id":"https:\/\/asikolesar.si\/en\/izdelek\/rock-machine-crossride-e400t-electric-bicycle\/#breadcrumb","itemListElement":[{"@type":"ListItem","position":1,"name":"Home","item":"https:\/\/asikolesar.si\/en\/"},{"@type":"ListItem","position":2,"name":"Shop","item":"https:\/\/asikolesar.si\/en\/shop\/"},{"@type":"ListItem","position":3,"name":"Rock Machine CROSSRIDE E400t Electric Bicycle"}]},{"@type":"WebSite","@id":"https:\/\/asikolesar.si\/en\/#website","url":"https:\/\/asikolesar.si\/en\/","name":"A si kolesar? Si!","description":"Servis koles in podobnih \u010dudes - Ljubljana (\u0160i\u0161ka)","publisher":{"@id":"https:\/\/asikolesar.si\/en\/#organization"},"potentialAction":[{"@type":"SearchAction","target":{"@type":"EntryPoint","urlTemplate":"https:\/\/asikolesar.si\/en\/?s={search_term_string}"},"query-input":{"@type":"PropertyValueSpecification","valueRequired":true,"valueName":"search_term_string"}}],"inLanguage":"en-US"},{"@type":"Organization","@id":"https:\/\/asikolesar.si\/en\/#organization","name":"A si kolesar? Si!","url":"https:\/\/asikolesar.si\/en\/","logo":{"@type":"ImageObject","inLanguage":"en-US","@id":"https:\/\/asikolesar.si\/en\/#\/schema\/logo\/image\/","url":"https:\/\/asikolesar.si\/wp-content\/uploads\/2025\/04\/logotip-A-SI-KOLESAR_horizontalni-barvni.svg","contentUrl":"https:\/\/asikolesar.si\/wp-content\/uploads\/2025\/04\/logotip-A-SI-KOLESAR_horizontalni-barvni.svg","width":337,"height":57,"caption":"A si kolesar? Si!"},"image":{"@id":"https:\/\/asikolesar.si\/en\/#\/schema\/logo\/image\/"},"sameAs":["https:\/\/www.facebook.com\/aSiKolesar\/","https:\/\/www.instagram.com\/a_si_kolesar\/"]}]}},"_links":{"self":[{"href":"https:\/\/asikolesar.si\/en\/wp-json\/wp\/v2\/product\/4465","targetHints":{"allow":["GET"]}}],"collection":[{"href":"https:\/\/asikolesar.si\/en\/wp-json\/wp\/v2\/product"}],"about":[{"href":"https:\/\/asikolesar.si\/en\/wp-json\/wp\/v2\/types\/product"}],"wp:featuredmedia":[{"embeddable":true,"href":"https:\/\/asikolesar.si\/en\/wp-json\/wp\/v2\/media\/4048"}],"wp:attachment":[{"href":"https:\/\/asikolesar.si\/en\/wp-json\/wp\/v2\/media?parent=4465"}],"wp:term":[{"taxonomy":"product_brand","embeddable":true,"href":"https:\/\/asikolesar.si\/en\/wp-json\/wp\/v2\/product_brand?post=4465"},{"taxonomy":"product_cat","embeddable":true,"href":"https:\/\/asikolesar.si\/en\/wp-json\/wp\/v2\/product_cat?post=4465"},{"taxonomy":"product_tag","embeddable":true,"href":"https:\/\/asikolesar.si\/en\/wp-json\/wp\/v2\/product_tag?post=4465"}],"curies":[{"name":"wp","href":"https:\/\/api.w.org\/{rel}","templated":true}]}}