{"id":4466,"date":"2025-06-13T07:58:40","date_gmt":"2025-06-13T07:58:40","guid":{"rendered":"https:\/\/asikolesar.si\/izdelek\/rock-machine-cityride-e200-sd-electric-city-bike\/"},"modified":"2025-06-13T07:58:40","modified_gmt":"2025-06-13T07:58:40","slug":"rock-machine-cityride-e200-sd-electric-city-bike","status":"publish","type":"product","link":"https:\/\/asikolesar.si\/en\/izdelek\/rock-machine-cityride-e200-sd-electric-city-bike\/","title":{"rendered":"Rock Machine CITYRIDE E200 SD Electric City Bike"},"content":{"rendered":"","protected":false},"excerpt":{"rendered":"<p>The bike is subsidized for \u20ac424.62<\/p>\n<p><strong>Subsidized price: \u20ac1,273.87<\/strong><\/p>\n<p>Apply for the subsidy from the Climate Change Fund on this website: <a href=\"https:\/\/borzen.si\/sl-si\/podpore-za-mobilnost\/subvencije-za-nakup-elektricnih-koles\">borzen.si<\/a><\/p>\n<p>&nbsp;<\/p>\n<p>Whether you want to explore city streets carefree or cover miles on your daily commute, the Rock Machine Cityride E200 SD bike ensures you&#8217;ll reach your destination faster and effortlessly. The powerful Sport Drive MD250s electric motor with a maximum power of 250W and 85 Nm of torque ensures a smooth and quiet ride. You can choose between three assistance levels, plus an additional &#8220;Walk&#8221; mode. The 500Wh Sport Drive battery ensures you can cycle up to 100 kilometers on a single charge. The lowered geometry makes it easier to dismount the bike. Its elegant design combined with high-quality components will attract many glances from passersby on city streets. A Shimano 7-speed shifting system, 700C wheels combined with Schwalbe Road Cruiser tires, an SR Suntour fork with 50mm travel, and comfortable Herrmans grips and a SelleRoyal saddle will also ensure a comfortable ride. Shimano hydraulic disc brakes will prove effective in all weather conditions. In addition to the mentioned components, the bike is also equipped with a luggage rack, kickstand, integrated lock, fenders, and front and rear lights.        <\/p>\n<p>FRAME: Alloy Al-6061 T6 Custom<br \/>\nFORK: SR Suntour NEX HLO, 1-1\/8&#8243;, Coil, QR Type, 50mm travel, lock-out<br \/>\nREAR DERAILLEUR: SHIMANO RD-M310-L<br \/>\nFRONT DERAILLEUR: \/<br \/>\nSHIFTERS: SHIMANO SL-M315-7R RapidFire Plus, 1&#215;7 speed<br \/>\nCRANKSET: Wheel Top ED2L, 38T<br \/>\nREAR COG: SHIMANO CS-HG200-7, 12-32T<br \/>\nBRAKES: SHIMANO BL-MT200 \/ BR-MT200, 160\/160mm hydraulic disc<br \/>\nHUB F\/R: SHIMANO TX HB-TX505, 36H \/ SHIMANO TX FHTX505, 36H<br \/>\nRIM: Stars J19ZK, 36H<br \/>\nSYSTEM: SPORT DRIVE &#8211; Middle Drive Unit<br \/>\nBATTERY: SPORT DRIVE carrier battery, 36V, 500Wh<br \/>\nDRIVE: SPORT DRIVE MD250S, 36V, 250W, 85Nm<br \/>\nDISPLAY: SPORT DRIVE Grip display<br \/>\nWEIGHT: 27.6 kg   <\/p>\n","protected":false},"featured_media":4046,"template":"","meta":{"_acf_changed":false,"_gspb_post_css":""},"product_brand":[],"product_cat":[105],"product_tag":[],"class_list":{"0":"post-4466","1":"product","2":"type-product","3":"status-publish","4":"has-post-thumbnail","6":"product_cat-new-bikes","8":"first","9":"instock","10":"shipping-taxable","11":"purchasable","12":"product-type-simple"},"acf":[],"ct_brands":[],"yoast_head":"<!-- This site is optimized with the Yoast SEO plugin v27.0 - https:\/\/yoast.com\/product\/yoast-seo-wordpress\/ -->\n<title>Rock Machine CITYRIDE E200 SD Electric City Bike - A si kolesar? Si!<\/title>\n<meta name=\"description\" content=\"Subsidized e-bikes? Our comfy, affordable city e-bikes. Use Eco Fund, ride worry-free!\" \/>\n<meta name=\"robots\" content=\"index, follow, max-snippet:-1, max-image-preview:large, max-video-preview:-1\" \/>\n<link rel=\"canonical\" href=\"https:\/\/asikolesar.si\/en\/izdelek\/rock-machine-cityride-e200-sd-electric-city-bike\/\" \/>\n<meta property=\"og:locale\" content=\"en_US\" \/>\n<meta property=\"og:type\" content=\"article\" \/>\n<meta property=\"og:title\" content=\"Rock Machine CITYRIDE E200 SD Electric City Bike - A si kolesar? Si!\" \/>\n<meta property=\"og:description\" content=\"Subsidized e-bikes? Our comfy, affordable city e-bikes. Use Eco Fund, ride worry-free!\" \/>\n<meta property=\"og:url\" content=\"https:\/\/asikolesar.si\/en\/izdelek\/rock-machine-cityride-e200-sd-electric-city-bike\/\" \/>\n<meta property=\"og:site_name\" content=\"A si kolesar? Si!\" \/>\n<meta property=\"article:publisher\" content=\"https:\/\/www.facebook.com\/aSiKolesar\/\" \/>\n<meta property=\"og:image\" content=\"https:\/\/asikolesar.si\/wp-content\/uploads\/2025\/06\/elektricno-mestno-kolo.jpg-ROCK-MACHINE-CITYRIDE.jpg\" \/>\n\t<meta property=\"og:image:width\" content=\"800\" \/>\n\t<meta property=\"og:image:height\" content=\"800\" \/>\n\t<meta property=\"og:image:type\" content=\"image\/jpeg\" \/>\n<meta name=\"twitter:card\" content=\"summary_large_image\" \/>\n<script type=\"application\/ld+json\" class=\"yoast-schema-graph\">{\"@context\":\"https:\/\/schema.org\",\"@graph\":[{\"@type\":\"WebPage\",\"@id\":\"https:\/\/asikolesar.si\/en\/izdelek\/rock-machine-cityride-e200-sd-electric-city-bike\/\",\"url\":\"https:\/\/asikolesar.si\/en\/izdelek\/rock-machine-cityride-e200-sd-electric-city-bike\/\",\"name\":\"Rock Machine CITYRIDE E200 SD Electric City Bike - A si kolesar? Si!\",\"isPartOf\":{\"@id\":\"https:\/\/asikolesar.si\/en\/#website\"},\"primaryImageOfPage\":{\"@id\":\"https:\/\/asikolesar.si\/en\/izdelek\/rock-machine-cityride-e200-sd-electric-city-bike\/#primaryimage\"},\"image\":{\"@id\":\"https:\/\/asikolesar.si\/en\/izdelek\/rock-machine-cityride-e200-sd-electric-city-bike\/#primaryimage\"},\"thumbnailUrl\":\"https:\/\/asikolesar.si\/wp-content\/uploads\/2025\/06\/elektricno-mestno-kolo.jpg-ROCK-MACHINE-CITYRIDE.jpg\",\"datePublished\":\"2025-06-13T07:58:40+00:00\",\"description\":\"Subsidized e-bikes? Our comfy, affordable city e-bikes. Use Eco Fund, ride worry-free!\",\"breadcrumb\":{\"@id\":\"https:\/\/asikolesar.si\/en\/izdelek\/rock-machine-cityride-e200-sd-electric-city-bike\/#breadcrumb\"},\"inLanguage\":\"en-US\",\"potentialAction\":[{\"@type\":\"ReadAction\",\"target\":[\"https:\/\/asikolesar.si\/en\/izdelek\/rock-machine-cityride-e200-sd-electric-city-bike\/\"]}]},{\"@type\":\"ImageObject\",\"inLanguage\":\"en-US\",\"@id\":\"https:\/\/asikolesar.si\/en\/izdelek\/rock-machine-cityride-e200-sd-electric-city-bike\/#primaryimage\",\"url\":\"https:\/\/asikolesar.si\/wp-content\/uploads\/2025\/06\/elektricno-mestno-kolo.jpg-ROCK-MACHINE-CITYRIDE.jpg\",\"contentUrl\":\"https:\/\/asikolesar.si\/wp-content\/uploads\/2025\/06\/elektricno-mestno-kolo.jpg-ROCK-MACHINE-CITYRIDE.jpg\",\"width\":800,\"height\":800,\"caption\":\"Ride around the city \u2013 with an electric bike and the help of the Eco Fund.\"},{\"@type\":\"BreadcrumbList\",\"@id\":\"https:\/\/asikolesar.si\/en\/izdelek\/rock-machine-cityride-e200-sd-electric-city-bike\/#breadcrumb\",\"itemListElement\":[{\"@type\":\"ListItem\",\"position\":1,\"name\":\"Home\",\"item\":\"https:\/\/asikolesar.si\/en\/\"},{\"@type\":\"ListItem\",\"position\":2,\"name\":\"Shop\",\"item\":\"https:\/\/asikolesar.si\/en\/shop\/\"},{\"@type\":\"ListItem\",\"position\":3,\"name\":\"Rock Machine CITYRIDE E200 SD Electric City Bike\"}]},{\"@type\":\"WebSite\",\"@id\":\"https:\/\/asikolesar.si\/en\/#website\",\"url\":\"https:\/\/asikolesar.si\/en\/\",\"name\":\"A si kolesar? Si!\",\"description\":\"Servis koles in podobnih \u010dudes - Ljubljana (\u0160i\u0161ka)\",\"publisher\":{\"@id\":\"https:\/\/asikolesar.si\/en\/#organization\"},\"potentialAction\":[{\"@type\":\"SearchAction\",\"target\":{\"@type\":\"EntryPoint\",\"urlTemplate\":\"https:\/\/asikolesar.si\/en\/?s={search_term_string}\"},\"query-input\":{\"@type\":\"PropertyValueSpecification\",\"valueRequired\":true,\"valueName\":\"search_term_string\"}}],\"inLanguage\":\"en-US\"},{\"@type\":\"Organization\",\"@id\":\"https:\/\/asikolesar.si\/en\/#organization\",\"name\":\"A si kolesar? Si!\",\"url\":\"https:\/\/asikolesar.si\/en\/\",\"logo\":{\"@type\":\"ImageObject\",\"inLanguage\":\"en-US\",\"@id\":\"https:\/\/asikolesar.si\/en\/#\/schema\/logo\/image\/\",\"url\":\"https:\/\/asikolesar.si\/wp-content\/uploads\/2025\/04\/logotip-A-SI-KOLESAR_horizontalni-barvni.svg\",\"contentUrl\":\"https:\/\/asikolesar.si\/wp-content\/uploads\/2025\/04\/logotip-A-SI-KOLESAR_horizontalni-barvni.svg\",\"width\":337,\"height\":57,\"caption\":\"A si kolesar? Si!\"},\"image\":{\"@id\":\"https:\/\/asikolesar.si\/en\/#\/schema\/logo\/image\/\"},\"sameAs\":[\"https:\/\/www.facebook.com\/aSiKolesar\/\",\"https:\/\/www.instagram.com\/a_si_kolesar\/\"]}]}<\/script>\n<!-- \/ Yoast SEO plugin. -->","yoast_head_json":{"title":"Rock Machine CITYRIDE E200 SD Electric City Bike - A si kolesar? Si!","description":"Subsidized e-bikes? Our comfy, affordable city e-bikes. Use Eco Fund, ride worry-free!","robots":{"index":"index","follow":"follow","max-snippet":"max-snippet:-1","max-image-preview":"max-image-preview:large","max-video-preview":"max-video-preview:-1"},"canonical":"https:\/\/asikolesar.si\/en\/izdelek\/rock-machine-cityride-e200-sd-electric-city-bike\/","og_locale":"en_US","og_type":"article","og_title":"Rock Machine CITYRIDE E200 SD Electric City Bike - A si kolesar? Si!","og_description":"Subsidized e-bikes? Our comfy, affordable city e-bikes. Use Eco Fund, ride worry-free!","og_url":"https:\/\/asikolesar.si\/en\/izdelek\/rock-machine-cityride-e200-sd-electric-city-bike\/","og_site_name":"A si kolesar? Si!","article_publisher":"https:\/\/www.facebook.com\/aSiKolesar\/","og_image":[{"width":800,"height":800,"url":"https:\/\/asikolesar.si\/wp-content\/uploads\/2025\/06\/elektricno-mestno-kolo.jpg-ROCK-MACHINE-CITYRIDE.jpg","type":"image\/jpeg"}],"twitter_card":"summary_large_image","schema":{"@context":"https:\/\/schema.org","@graph":[{"@type":"WebPage","@id":"https:\/\/asikolesar.si\/en\/izdelek\/rock-machine-cityride-e200-sd-electric-city-bike\/","url":"https:\/\/asikolesar.si\/en\/izdelek\/rock-machine-cityride-e200-sd-electric-city-bike\/","name":"Rock Machine CITYRIDE E200 SD Electric City Bike - A si kolesar? Si!","isPartOf":{"@id":"https:\/\/asikolesar.si\/en\/#website"},"primaryImageOfPage":{"@id":"https:\/\/asikolesar.si\/en\/izdelek\/rock-machine-cityride-e200-sd-electric-city-bike\/#primaryimage"},"image":{"@id":"https:\/\/asikolesar.si\/en\/izdelek\/rock-machine-cityride-e200-sd-electric-city-bike\/#primaryimage"},"thumbnailUrl":"https:\/\/asikolesar.si\/wp-content\/uploads\/2025\/06\/elektricno-mestno-kolo.jpg-ROCK-MACHINE-CITYRIDE.jpg","datePublished":"2025-06-13T07:58:40+00:00","description":"Subsidized e-bikes? Our comfy, affordable city e-bikes. Use Eco Fund, ride worry-free!","breadcrumb":{"@id":"https:\/\/asikolesar.si\/en\/izdelek\/rock-machine-cityride-e200-sd-electric-city-bike\/#breadcrumb"},"inLanguage":"en-US","potentialAction":[{"@type":"ReadAction","target":["https:\/\/asikolesar.si\/en\/izdelek\/rock-machine-cityride-e200-sd-electric-city-bike\/"]}]},{"@type":"ImageObject","inLanguage":"en-US","@id":"https:\/\/asikolesar.si\/en\/izdelek\/rock-machine-cityride-e200-sd-electric-city-bike\/#primaryimage","url":"https:\/\/asikolesar.si\/wp-content\/uploads\/2025\/06\/elektricno-mestno-kolo.jpg-ROCK-MACHINE-CITYRIDE.jpg","contentUrl":"https:\/\/asikolesar.si\/wp-content\/uploads\/2025\/06\/elektricno-mestno-kolo.jpg-ROCK-MACHINE-CITYRIDE.jpg","width":800,"height":800,"caption":"Ride around the city \u2013 with an electric bike and the help of the Eco Fund."},{"@type":"BreadcrumbList","@id":"https:\/\/asikolesar.si\/en\/izdelek\/rock-machine-cityride-e200-sd-electric-city-bike\/#breadcrumb","itemListElement":[{"@type":"ListItem","position":1,"name":"Home","item":"https:\/\/asikolesar.si\/en\/"},{"@type":"ListItem","position":2,"name":"Shop","item":"https:\/\/asikolesar.si\/en\/shop\/"},{"@type":"ListItem","position":3,"name":"Rock Machine CITYRIDE E200 SD Electric City Bike"}]},{"@type":"WebSite","@id":"https:\/\/asikolesar.si\/en\/#website","url":"https:\/\/asikolesar.si\/en\/","name":"A si kolesar? Si!","description":"Servis koles in podobnih \u010dudes - Ljubljana (\u0160i\u0161ka)","publisher":{"@id":"https:\/\/asikolesar.si\/en\/#organization"},"potentialAction":[{"@type":"SearchAction","target":{"@type":"EntryPoint","urlTemplate":"https:\/\/asikolesar.si\/en\/?s={search_term_string}"},"query-input":{"@type":"PropertyValueSpecification","valueRequired":true,"valueName":"search_term_string"}}],"inLanguage":"en-US"},{"@type":"Organization","@id":"https:\/\/asikolesar.si\/en\/#organization","name":"A si kolesar? Si!","url":"https:\/\/asikolesar.si\/en\/","logo":{"@type":"ImageObject","inLanguage":"en-US","@id":"https:\/\/asikolesar.si\/en\/#\/schema\/logo\/image\/","url":"https:\/\/asikolesar.si\/wp-content\/uploads\/2025\/04\/logotip-A-SI-KOLESAR_horizontalni-barvni.svg","contentUrl":"https:\/\/asikolesar.si\/wp-content\/uploads\/2025\/04\/logotip-A-SI-KOLESAR_horizontalni-barvni.svg","width":337,"height":57,"caption":"A si kolesar? Si!"},"image":{"@id":"https:\/\/asikolesar.si\/en\/#\/schema\/logo\/image\/"},"sameAs":["https:\/\/www.facebook.com\/aSiKolesar\/","https:\/\/www.instagram.com\/a_si_kolesar\/"]}]}},"_links":{"self":[{"href":"https:\/\/asikolesar.si\/en\/wp-json\/wp\/v2\/product\/4466","targetHints":{"allow":["GET"]}}],"collection":[{"href":"https:\/\/asikolesar.si\/en\/wp-json\/wp\/v2\/product"}],"about":[{"href":"https:\/\/asikolesar.si\/en\/wp-json\/wp\/v2\/types\/product"}],"wp:featuredmedia":[{"embeddable":true,"href":"https:\/\/asikolesar.si\/en\/wp-json\/wp\/v2\/media\/4046"}],"wp:attachment":[{"href":"https:\/\/asikolesar.si\/en\/wp-json\/wp\/v2\/media?parent=4466"}],"wp:term":[{"taxonomy":"product_brand","embeddable":true,"href":"https:\/\/asikolesar.si\/en\/wp-json\/wp\/v2\/product_brand?post=4466"},{"taxonomy":"product_cat","embeddable":true,"href":"https:\/\/asikolesar.si\/en\/wp-json\/wp\/v2\/product_cat?post=4466"},{"taxonomy":"product_tag","embeddable":true,"href":"https:\/\/asikolesar.si\/en\/wp-json\/wp\/v2\/product_tag?post=4466"}],"curies":[{"name":"wp","href":"https:\/\/api.w.org\/{rel}","templated":true}]}}