{"id":4467,"date":"2025-06-13T06:51:19","date_gmt":"2025-06-13T06:51:19","guid":{"rendered":"https:\/\/asikolesar.si\/izdelek\/breezer-downtown-ex-st-womens-city-bike\/"},"modified":"2025-06-13T06:51:19","modified_gmt":"2025-06-13T06:51:19","slug":"breezer-downtown-ex-st-womens-city-bike","status":"publish","type":"product","link":"https:\/\/asikolesar.si\/en\/izdelek\/breezer-downtown-ex-st-womens-city-bike\/","title":{"rendered":"Breezer DOWNTOWN EX ST Women&#8217;s City Bike"},"content":{"rendered":"","protected":false},"excerpt":{"rendered":"<p>The Breezer Downtown is a classic city bike, made from high-quality and lightweight Cr-Mo steel, which excellently absorbs vibrations. It is equipped with stainless metal fenders and a rear rack. The bike&#8217;s geometry places the rider in an upright, very comfortable position, and the lowered top tube allows for easy dismounting. With this bike, you can easily run city errands or go on a short trip outside the city.   <\/p>\n<p>Sizes:<br \/>\nS (46 cm) &#8211; for heights between 155-163 cm<br \/>\nM (50 cm) &#8211; for heights between 160-168 cm<\/p>\n<p>Specification:<br \/>\nFRAME: Breezer Cr-Mo steel, 700c<br \/>\nFORK: Breezer Cr-Mo<br \/>\nGEARS: 8<br \/>\nREAR DERAILLEUR: Shimano Altus or microSHIFT MS29-8<br \/>\nFRONT DERAILLEUR: \/<br \/>\nSHIFTERS: Shimano Revo-Shift or microSHIFT Twist Shift<br \/>\nCRANKSET: Forged aluminum, 36t<br \/>\nBRAKES: Alloy V-Brake<br \/>\nTIRES: Vera Citywide with puncture protection 700x35c<br \/>\nHUBS F\/R: Breezer ALLOY 36H<br \/>\nRIMS: GSW DPM16, double-wall<br \/>\nWEIGHT: 15.35 kg    <\/p>\n<p>Accessories: Stainless steel fenders, Aluminum rear rack, chain guard, kickstand, bell.<\/p>\n","protected":false},"featured_media":4033,"template":"","meta":{"_acf_changed":false,"_gspb_post_css":""},"product_brand":[],"product_cat":[105],"product_tag":[],"class_list":{"0":"post-4467","1":"product","2":"type-product","3":"status-publish","4":"has-post-thumbnail","6":"product_cat-new-bikes","8":"first","9":"instock","10":"shipping-taxable","11":"purchasable","12":"product-type-simple"},"acf":[],"ct_brands":[],"yoast_head":"<!-- This site is optimized with the Yoast SEO plugin v27.0 - https:\/\/yoast.com\/product\/yoast-seo-wordpress\/ -->\n<title>Breezer DOWNTOWN EX ST Women&#039;s City Bike - A si kolesar? Si!<\/title>\n<meta name=\"description\" content=\"New city bike for comfortable daily rides around Ljubljana. Available in multiple colors, with the option to purchase in-store.\" \/>\n<meta name=\"robots\" content=\"index, follow, max-snippet:-1, max-image-preview:large, max-video-preview:-1\" \/>\n<link rel=\"canonical\" href=\"https:\/\/asikolesar.si\/en\/izdelek\/breezer-downtown-ex-st-womens-city-bike\/\" \/>\n<meta property=\"og:locale\" content=\"en_US\" \/>\n<meta property=\"og:type\" content=\"article\" \/>\n<meta property=\"og:title\" content=\"Breezer DOWNTOWN EX ST Women&#039;s City Bike - A si kolesar? Si!\" \/>\n<meta property=\"og:description\" content=\"New city bike for comfortable daily rides around Ljubljana. Available in multiple colors, with the option to purchase in-store.\" \/>\n<meta property=\"og:url\" content=\"https:\/\/asikolesar.si\/en\/izdelek\/breezer-downtown-ex-st-womens-city-bike\/\" \/>\n<meta property=\"og:site_name\" content=\"A si kolesar? Si!\" \/>\n<meta property=\"article:publisher\" content=\"https:\/\/www.facebook.com\/aSiKolesar\/\" \/>\n<meta property=\"og:image\" content=\"https:\/\/asikolesar.si\/wp-content\/uploads\/2025\/06\/breezer-downtown-ex-st_1.jpg\" \/>\n\t<meta property=\"og:image:width\" content=\"800\" \/>\n\t<meta property=\"og:image:height\" content=\"800\" \/>\n\t<meta property=\"og:image:type\" content=\"image\/jpeg\" \/>\n<meta name=\"twitter:card\" content=\"summary_large_image\" \/>\n<script type=\"application\/ld+json\" class=\"yoast-schema-graph\">{\"@context\":\"https:\/\/schema.org\",\"@graph\":[{\"@type\":\"WebPage\",\"@id\":\"https:\/\/asikolesar.si\/en\/izdelek\/breezer-downtown-ex-st-womens-city-bike\/\",\"url\":\"https:\/\/asikolesar.si\/en\/izdelek\/breezer-downtown-ex-st-womens-city-bike\/\",\"name\":\"Breezer DOWNTOWN EX ST Women's City Bike - A si kolesar? Si!\",\"isPartOf\":{\"@id\":\"https:\/\/asikolesar.si\/en\/#website\"},\"primaryImageOfPage\":{\"@id\":\"https:\/\/asikolesar.si\/en\/izdelek\/breezer-downtown-ex-st-womens-city-bike\/#primaryimage\"},\"image\":{\"@id\":\"https:\/\/asikolesar.si\/en\/izdelek\/breezer-downtown-ex-st-womens-city-bike\/#primaryimage\"},\"thumbnailUrl\":\"https:\/\/asikolesar.si\/wp-content\/uploads\/2025\/06\/breezer-downtown-ex-st_1.jpg\",\"datePublished\":\"2025-06-13T06:51:19+00:00\",\"description\":\"New city bike for comfortable daily rides around Ljubljana. Available in multiple colors, with the option to purchase in-store.\",\"breadcrumb\":{\"@id\":\"https:\/\/asikolesar.si\/en\/izdelek\/breezer-downtown-ex-st-womens-city-bike\/#breadcrumb\"},\"inLanguage\":\"en-US\",\"potentialAction\":[{\"@type\":\"ReadAction\",\"target\":[\"https:\/\/asikolesar.si\/en\/izdelek\/breezer-downtown-ex-st-womens-city-bike\/\"]}]},{\"@type\":\"ImageObject\",\"inLanguage\":\"en-US\",\"@id\":\"https:\/\/asikolesar.si\/en\/izdelek\/breezer-downtown-ex-st-womens-city-bike\/#primaryimage\",\"url\":\"https:\/\/asikolesar.si\/wp-content\/uploads\/2025\/06\/breezer-downtown-ex-st_1.jpg\",\"contentUrl\":\"https:\/\/asikolesar.si\/wp-content\/uploads\/2025\/06\/breezer-downtown-ex-st_1.jpg\",\"width\":800,\"height\":800,\"caption\":\"Classic city bike with accessories for everyday rides\"},{\"@type\":\"BreadcrumbList\",\"@id\":\"https:\/\/asikolesar.si\/en\/izdelek\/breezer-downtown-ex-st-womens-city-bike\/#breadcrumb\",\"itemListElement\":[{\"@type\":\"ListItem\",\"position\":1,\"name\":\"Home\",\"item\":\"https:\/\/asikolesar.si\/en\/\"},{\"@type\":\"ListItem\",\"position\":2,\"name\":\"Shop\",\"item\":\"https:\/\/asikolesar.si\/en\/shop\/\"},{\"@type\":\"ListItem\",\"position\":3,\"name\":\"Breezer DOWNTOWN EX ST Women&#8217;s City Bike\"}]},{\"@type\":\"WebSite\",\"@id\":\"https:\/\/asikolesar.si\/en\/#website\",\"url\":\"https:\/\/asikolesar.si\/en\/\",\"name\":\"A si kolesar? Si!\",\"description\":\"Servis koles in podobnih \u010dudes - Ljubljana (\u0160i\u0161ka)\",\"publisher\":{\"@id\":\"https:\/\/asikolesar.si\/en\/#organization\"},\"potentialAction\":[{\"@type\":\"SearchAction\",\"target\":{\"@type\":\"EntryPoint\",\"urlTemplate\":\"https:\/\/asikolesar.si\/en\/?s={search_term_string}\"},\"query-input\":{\"@type\":\"PropertyValueSpecification\",\"valueRequired\":true,\"valueName\":\"search_term_string\"}}],\"inLanguage\":\"en-US\"},{\"@type\":\"Organization\",\"@id\":\"https:\/\/asikolesar.si\/en\/#organization\",\"name\":\"A si kolesar? Si!\",\"url\":\"https:\/\/asikolesar.si\/en\/\",\"logo\":{\"@type\":\"ImageObject\",\"inLanguage\":\"en-US\",\"@id\":\"https:\/\/asikolesar.si\/en\/#\/schema\/logo\/image\/\",\"url\":\"https:\/\/asikolesar.si\/wp-content\/uploads\/2025\/04\/logotip-A-SI-KOLESAR_horizontalni-barvni.svg\",\"contentUrl\":\"https:\/\/asikolesar.si\/wp-content\/uploads\/2025\/04\/logotip-A-SI-KOLESAR_horizontalni-barvni.svg\",\"width\":337,\"height\":57,\"caption\":\"A si kolesar? Si!\"},\"image\":{\"@id\":\"https:\/\/asikolesar.si\/en\/#\/schema\/logo\/image\/\"},\"sameAs\":[\"https:\/\/www.facebook.com\/aSiKolesar\/\",\"https:\/\/www.instagram.com\/a_si_kolesar\/\"]}]}<\/script>\n<!-- \/ Yoast SEO plugin. -->","yoast_head_json":{"title":"Breezer DOWNTOWN EX ST Women's City Bike - A si kolesar? Si!","description":"New city bike for comfortable daily rides around Ljubljana. Available in multiple colors, with the option to purchase in-store.","robots":{"index":"index","follow":"follow","max-snippet":"max-snippet:-1","max-image-preview":"max-image-preview:large","max-video-preview":"max-video-preview:-1"},"canonical":"https:\/\/asikolesar.si\/en\/izdelek\/breezer-downtown-ex-st-womens-city-bike\/","og_locale":"en_US","og_type":"article","og_title":"Breezer DOWNTOWN EX ST Women's City Bike - A si kolesar? Si!","og_description":"New city bike for comfortable daily rides around Ljubljana. Available in multiple colors, with the option to purchase in-store.","og_url":"https:\/\/asikolesar.si\/en\/izdelek\/breezer-downtown-ex-st-womens-city-bike\/","og_site_name":"A si kolesar? Si!","article_publisher":"https:\/\/www.facebook.com\/aSiKolesar\/","og_image":[{"width":800,"height":800,"url":"https:\/\/asikolesar.si\/wp-content\/uploads\/2025\/06\/breezer-downtown-ex-st_1.jpg","type":"image\/jpeg"}],"twitter_card":"summary_large_image","schema":{"@context":"https:\/\/schema.org","@graph":[{"@type":"WebPage","@id":"https:\/\/asikolesar.si\/en\/izdelek\/breezer-downtown-ex-st-womens-city-bike\/","url":"https:\/\/asikolesar.si\/en\/izdelek\/breezer-downtown-ex-st-womens-city-bike\/","name":"Breezer DOWNTOWN EX ST Women's City Bike - A si kolesar? Si!","isPartOf":{"@id":"https:\/\/asikolesar.si\/en\/#website"},"primaryImageOfPage":{"@id":"https:\/\/asikolesar.si\/en\/izdelek\/breezer-downtown-ex-st-womens-city-bike\/#primaryimage"},"image":{"@id":"https:\/\/asikolesar.si\/en\/izdelek\/breezer-downtown-ex-st-womens-city-bike\/#primaryimage"},"thumbnailUrl":"https:\/\/asikolesar.si\/wp-content\/uploads\/2025\/06\/breezer-downtown-ex-st_1.jpg","datePublished":"2025-06-13T06:51:19+00:00","description":"New city bike for comfortable daily rides around Ljubljana. Available in multiple colors, with the option to purchase in-store.","breadcrumb":{"@id":"https:\/\/asikolesar.si\/en\/izdelek\/breezer-downtown-ex-st-womens-city-bike\/#breadcrumb"},"inLanguage":"en-US","potentialAction":[{"@type":"ReadAction","target":["https:\/\/asikolesar.si\/en\/izdelek\/breezer-downtown-ex-st-womens-city-bike\/"]}]},{"@type":"ImageObject","inLanguage":"en-US","@id":"https:\/\/asikolesar.si\/en\/izdelek\/breezer-downtown-ex-st-womens-city-bike\/#primaryimage","url":"https:\/\/asikolesar.si\/wp-content\/uploads\/2025\/06\/breezer-downtown-ex-st_1.jpg","contentUrl":"https:\/\/asikolesar.si\/wp-content\/uploads\/2025\/06\/breezer-downtown-ex-st_1.jpg","width":800,"height":800,"caption":"Classic city bike with accessories for everyday rides"},{"@type":"BreadcrumbList","@id":"https:\/\/asikolesar.si\/en\/izdelek\/breezer-downtown-ex-st-womens-city-bike\/#breadcrumb","itemListElement":[{"@type":"ListItem","position":1,"name":"Home","item":"https:\/\/asikolesar.si\/en\/"},{"@type":"ListItem","position":2,"name":"Shop","item":"https:\/\/asikolesar.si\/en\/shop\/"},{"@type":"ListItem","position":3,"name":"Breezer DOWNTOWN EX ST Women&#8217;s City Bike"}]},{"@type":"WebSite","@id":"https:\/\/asikolesar.si\/en\/#website","url":"https:\/\/asikolesar.si\/en\/","name":"A si kolesar? Si!","description":"Servis koles in podobnih \u010dudes - Ljubljana (\u0160i\u0161ka)","publisher":{"@id":"https:\/\/asikolesar.si\/en\/#organization"},"potentialAction":[{"@type":"SearchAction","target":{"@type":"EntryPoint","urlTemplate":"https:\/\/asikolesar.si\/en\/?s={search_term_string}"},"query-input":{"@type":"PropertyValueSpecification","valueRequired":true,"valueName":"search_term_string"}}],"inLanguage":"en-US"},{"@type":"Organization","@id":"https:\/\/asikolesar.si\/en\/#organization","name":"A si kolesar? Si!","url":"https:\/\/asikolesar.si\/en\/","logo":{"@type":"ImageObject","inLanguage":"en-US","@id":"https:\/\/asikolesar.si\/en\/#\/schema\/logo\/image\/","url":"https:\/\/asikolesar.si\/wp-content\/uploads\/2025\/04\/logotip-A-SI-KOLESAR_horizontalni-barvni.svg","contentUrl":"https:\/\/asikolesar.si\/wp-content\/uploads\/2025\/04\/logotip-A-SI-KOLESAR_horizontalni-barvni.svg","width":337,"height":57,"caption":"A si kolesar? Si!"},"image":{"@id":"https:\/\/asikolesar.si\/en\/#\/schema\/logo\/image\/"},"sameAs":["https:\/\/www.facebook.com\/aSiKolesar\/","https:\/\/www.instagram.com\/a_si_kolesar\/"]}]}},"_links":{"self":[{"href":"https:\/\/asikolesar.si\/en\/wp-json\/wp\/v2\/product\/4467","targetHints":{"allow":["GET"]}}],"collection":[{"href":"https:\/\/asikolesar.si\/en\/wp-json\/wp\/v2\/product"}],"about":[{"href":"https:\/\/asikolesar.si\/en\/wp-json\/wp\/v2\/types\/product"}],"wp:featuredmedia":[{"embeddable":true,"href":"https:\/\/asikolesar.si\/en\/wp-json\/wp\/v2\/media\/4033"}],"wp:attachment":[{"href":"https:\/\/asikolesar.si\/en\/wp-json\/wp\/v2\/media?parent=4467"}],"wp:term":[{"taxonomy":"product_brand","embeddable":true,"href":"https:\/\/asikolesar.si\/en\/wp-json\/wp\/v2\/product_brand?post=4467"},{"taxonomy":"product_cat","embeddable":true,"href":"https:\/\/asikolesar.si\/en\/wp-json\/wp\/v2\/product_cat?post=4467"},{"taxonomy":"product_tag","embeddable":true,"href":"https:\/\/asikolesar.si\/en\/wp-json\/wp\/v2\/product_tag?post=4467"}],"curies":[{"name":"wp","href":"https:\/\/api.w.org\/{rel}","templated":true}]}}