{"id":4470,"date":"2025-06-09T15:27:53","date_gmt":"2025-06-09T15:27:53","guid":{"rendered":"https:\/\/asikolesar.si\/izdelek\/douglas-citytime-26-womens-city-bike\/"},"modified":"2025-06-09T15:27:53","modified_gmt":"2025-06-09T15:27:53","slug":"douglas-citytime-26-womens-city-bike","status":"publish","type":"product","link":"https:\/\/asikolesar.si\/en\/izdelek\/douglas-citytime-26-womens-city-bike\/","title":{"rendered":"Douglas CITYTIME 26&#8221; Women&#8217;s City Bike"},"content":{"rendered":"","protected":false},"excerpt":{"rendered":"<p>The Douglas Citytime 26 women&#8217;s city bike is suitable for everyday riding. It performs best on city streets. It has an aluminum frame with slightly raised handlebars, which ensures greater control and comfort. Quality Shimano components will provide even greater comfort and control over the bike. The bike is equipped with a kickstand, fenders, lights, and a rear rack.<\/p>\n<p>WHEEL SIZE: 26<br \/>\nFRAME: Hi-Ten steel<br \/>\nNO. GEARS: 21<br \/>\nDERAILLEUR. REAR: Shimano TX-31<br \/>\nSHIFT. SHIFTERS: Shimano Revo 35 3&#215;7<br \/>\nBRAKES: Alu V-brake<\/p>\n","protected":false},"featured_media":3938,"template":"","meta":{"_acf_changed":false,"_gspb_post_css":""},"product_brand":[],"product_cat":[105],"product_tag":[],"class_list":{"0":"post-4470","1":"product","2":"type-product","3":"status-publish","4":"has-post-thumbnail","6":"product_cat-new-bikes","8":"first","9":"instock","10":"shipping-taxable","11":"purchasable","12":"product-type-simple"},"acf":[],"ct_brands":[],"yoast_head":"<!-- This site is optimized with the Yoast SEO plugin v27.0 - https:\/\/yoast.com\/product\/yoast-seo-wordpress\/ -->\n<title>Douglas CITYTIME 26&#039;&#039; Women&#039;s City Bike - A si kolesar? Si!<\/title>\n<meta name=\"description\" content=\"An elegant and reliable city bike, ideal for urban riding. Viewing and test ride available at Celov\u0161ka cesta 62 in \u0160i\u0161ka.\" \/>\n<meta name=\"robots\" content=\"index, follow, max-snippet:-1, max-image-preview:large, max-video-preview:-1\" \/>\n<link rel=\"canonical\" href=\"https:\/\/asikolesar.si\/en\/izdelek\/douglas-citytime-26-womens-city-bike\/\" \/>\n<meta property=\"og:locale\" content=\"en_US\" \/>\n<meta property=\"og:type\" content=\"article\" \/>\n<meta property=\"og:title\" content=\"Douglas CITYTIME 26&#039;&#039; Women&#039;s City Bike - A si kolesar? Si!\" \/>\n<meta property=\"og:description\" content=\"An elegant and reliable city bike, ideal for urban riding. Viewing and test ride available at Celov\u0161ka cesta 62 in \u0160i\u0161ka.\" \/>\n<meta property=\"og:url\" content=\"https:\/\/asikolesar.si\/en\/izdelek\/douglas-citytime-26-womens-city-bike\/\" \/>\n<meta property=\"og:site_name\" content=\"A si kolesar? Si!\" \/>\n<meta property=\"article:publisher\" content=\"https:\/\/www.facebook.com\/aSiKolesar\/\" \/>\n<meta property=\"og:image\" content=\"https:\/\/asikolesar.si\/wp-content\/uploads\/2025\/06\/douglas-citytime-26_rdece_mestno-kolo.jpg\" \/>\n\t<meta property=\"og:image:width\" content=\"800\" \/>\n\t<meta property=\"og:image:height\" content=\"800\" \/>\n\t<meta property=\"og:image:type\" content=\"image\/jpeg\" \/>\n<meta name=\"twitter:card\" content=\"summary_large_image\" \/>\n<script type=\"application\/ld+json\" class=\"yoast-schema-graph\">{\"@context\":\"https:\/\/schema.org\",\"@graph\":[{\"@type\":\"WebPage\",\"@id\":\"https:\/\/asikolesar.si\/en\/izdelek\/douglas-citytime-26-womens-city-bike\/\",\"url\":\"https:\/\/asikolesar.si\/en\/izdelek\/douglas-citytime-26-womens-city-bike\/\",\"name\":\"Douglas CITYTIME 26'' Women's City Bike - A si kolesar? Si!\",\"isPartOf\":{\"@id\":\"https:\/\/asikolesar.si\/en\/#website\"},\"primaryImageOfPage\":{\"@id\":\"https:\/\/asikolesar.si\/en\/izdelek\/douglas-citytime-26-womens-city-bike\/#primaryimage\"},\"image\":{\"@id\":\"https:\/\/asikolesar.si\/en\/izdelek\/douglas-citytime-26-womens-city-bike\/#primaryimage\"},\"thumbnailUrl\":\"https:\/\/asikolesar.si\/wp-content\/uploads\/2025\/06\/douglas-citytime-26_rdece_mestno-kolo.jpg\",\"datePublished\":\"2025-06-09T15:27:53+00:00\",\"description\":\"An elegant and reliable city bike, ideal for urban riding. Viewing and test ride available at Celov\u0161ka cesta 62 in \u0160i\u0161ka.\",\"breadcrumb\":{\"@id\":\"https:\/\/asikolesar.si\/en\/izdelek\/douglas-citytime-26-womens-city-bike\/#breadcrumb\"},\"inLanguage\":\"en-US\",\"potentialAction\":[{\"@type\":\"ReadAction\",\"target\":[\"https:\/\/asikolesar.si\/en\/izdelek\/douglas-citytime-26-womens-city-bike\/\"]}]},{\"@type\":\"ImageObject\",\"inLanguage\":\"en-US\",\"@id\":\"https:\/\/asikolesar.si\/en\/izdelek\/douglas-citytime-26-womens-city-bike\/#primaryimage\",\"url\":\"https:\/\/asikolesar.si\/wp-content\/uploads\/2025\/06\/douglas-citytime-26_rdece_mestno-kolo.jpg\",\"contentUrl\":\"https:\/\/asikolesar.si\/wp-content\/uploads\/2025\/06\/douglas-citytime-26_rdece_mestno-kolo.jpg\",\"width\":800,\"height\":800,\"caption\":\"Your new bike for your commute to work or for coffee.\"},{\"@type\":\"BreadcrumbList\",\"@id\":\"https:\/\/asikolesar.si\/en\/izdelek\/douglas-citytime-26-womens-city-bike\/#breadcrumb\",\"itemListElement\":[{\"@type\":\"ListItem\",\"position\":1,\"name\":\"Home\",\"item\":\"https:\/\/asikolesar.si\/en\/\"},{\"@type\":\"ListItem\",\"position\":2,\"name\":\"Shop\",\"item\":\"https:\/\/asikolesar.si\/en\/shop\/\"},{\"@type\":\"ListItem\",\"position\":3,\"name\":\"Douglas CITYTIME 26&#8221; Women&#8217;s City Bike\"}]},{\"@type\":\"WebSite\",\"@id\":\"https:\/\/asikolesar.si\/en\/#website\",\"url\":\"https:\/\/asikolesar.si\/en\/\",\"name\":\"A si kolesar? Si!\",\"description\":\"Servis koles in podobnih \u010dudes - Ljubljana (\u0160i\u0161ka)\",\"publisher\":{\"@id\":\"https:\/\/asikolesar.si\/en\/#organization\"},\"potentialAction\":[{\"@type\":\"SearchAction\",\"target\":{\"@type\":\"EntryPoint\",\"urlTemplate\":\"https:\/\/asikolesar.si\/en\/?s={search_term_string}\"},\"query-input\":{\"@type\":\"PropertyValueSpecification\",\"valueRequired\":true,\"valueName\":\"search_term_string\"}}],\"inLanguage\":\"en-US\"},{\"@type\":\"Organization\",\"@id\":\"https:\/\/asikolesar.si\/en\/#organization\",\"name\":\"A si kolesar? Si!\",\"url\":\"https:\/\/asikolesar.si\/en\/\",\"logo\":{\"@type\":\"ImageObject\",\"inLanguage\":\"en-US\",\"@id\":\"https:\/\/asikolesar.si\/en\/#\/schema\/logo\/image\/\",\"url\":\"https:\/\/asikolesar.si\/wp-content\/uploads\/2025\/04\/logotip-A-SI-KOLESAR_horizontalni-barvni.svg\",\"contentUrl\":\"https:\/\/asikolesar.si\/wp-content\/uploads\/2025\/04\/logotip-A-SI-KOLESAR_horizontalni-barvni.svg\",\"width\":337,\"height\":57,\"caption\":\"A si kolesar? Si!\"},\"image\":{\"@id\":\"https:\/\/asikolesar.si\/en\/#\/schema\/logo\/image\/\"},\"sameAs\":[\"https:\/\/www.facebook.com\/aSiKolesar\/\",\"https:\/\/www.instagram.com\/a_si_kolesar\/\"]}]}<\/script>\n<!-- \/ Yoast SEO plugin. -->","yoast_head_json":{"title":"Douglas CITYTIME 26'' Women's City Bike - A si kolesar? Si!","description":"An elegant and reliable city bike, ideal for urban riding. Viewing and test ride available at Celov\u0161ka cesta 62 in \u0160i\u0161ka.","robots":{"index":"index","follow":"follow","max-snippet":"max-snippet:-1","max-image-preview":"max-image-preview:large","max-video-preview":"max-video-preview:-1"},"canonical":"https:\/\/asikolesar.si\/en\/izdelek\/douglas-citytime-26-womens-city-bike\/","og_locale":"en_US","og_type":"article","og_title":"Douglas CITYTIME 26'' Women's City Bike - A si kolesar? Si!","og_description":"An elegant and reliable city bike, ideal for urban riding. Viewing and test ride available at Celov\u0161ka cesta 62 in \u0160i\u0161ka.","og_url":"https:\/\/asikolesar.si\/en\/izdelek\/douglas-citytime-26-womens-city-bike\/","og_site_name":"A si kolesar? Si!","article_publisher":"https:\/\/www.facebook.com\/aSiKolesar\/","og_image":[{"width":800,"height":800,"url":"https:\/\/asikolesar.si\/wp-content\/uploads\/2025\/06\/douglas-citytime-26_rdece_mestno-kolo.jpg","type":"image\/jpeg"}],"twitter_card":"summary_large_image","schema":{"@context":"https:\/\/schema.org","@graph":[{"@type":"WebPage","@id":"https:\/\/asikolesar.si\/en\/izdelek\/douglas-citytime-26-womens-city-bike\/","url":"https:\/\/asikolesar.si\/en\/izdelek\/douglas-citytime-26-womens-city-bike\/","name":"Douglas CITYTIME 26'' Women's City Bike - A si kolesar? Si!","isPartOf":{"@id":"https:\/\/asikolesar.si\/en\/#website"},"primaryImageOfPage":{"@id":"https:\/\/asikolesar.si\/en\/izdelek\/douglas-citytime-26-womens-city-bike\/#primaryimage"},"image":{"@id":"https:\/\/asikolesar.si\/en\/izdelek\/douglas-citytime-26-womens-city-bike\/#primaryimage"},"thumbnailUrl":"https:\/\/asikolesar.si\/wp-content\/uploads\/2025\/06\/douglas-citytime-26_rdece_mestno-kolo.jpg","datePublished":"2025-06-09T15:27:53+00:00","description":"An elegant and reliable city bike, ideal for urban riding. Viewing and test ride available at Celov\u0161ka cesta 62 in \u0160i\u0161ka.","breadcrumb":{"@id":"https:\/\/asikolesar.si\/en\/izdelek\/douglas-citytime-26-womens-city-bike\/#breadcrumb"},"inLanguage":"en-US","potentialAction":[{"@type":"ReadAction","target":["https:\/\/asikolesar.si\/en\/izdelek\/douglas-citytime-26-womens-city-bike\/"]}]},{"@type":"ImageObject","inLanguage":"en-US","@id":"https:\/\/asikolesar.si\/en\/izdelek\/douglas-citytime-26-womens-city-bike\/#primaryimage","url":"https:\/\/asikolesar.si\/wp-content\/uploads\/2025\/06\/douglas-citytime-26_rdece_mestno-kolo.jpg","contentUrl":"https:\/\/asikolesar.si\/wp-content\/uploads\/2025\/06\/douglas-citytime-26_rdece_mestno-kolo.jpg","width":800,"height":800,"caption":"Your new bike for your commute to work or for coffee."},{"@type":"BreadcrumbList","@id":"https:\/\/asikolesar.si\/en\/izdelek\/douglas-citytime-26-womens-city-bike\/#breadcrumb","itemListElement":[{"@type":"ListItem","position":1,"name":"Home","item":"https:\/\/asikolesar.si\/en\/"},{"@type":"ListItem","position":2,"name":"Shop","item":"https:\/\/asikolesar.si\/en\/shop\/"},{"@type":"ListItem","position":3,"name":"Douglas CITYTIME 26&#8221; Women&#8217;s City Bike"}]},{"@type":"WebSite","@id":"https:\/\/asikolesar.si\/en\/#website","url":"https:\/\/asikolesar.si\/en\/","name":"A si kolesar? Si!","description":"Servis koles in podobnih \u010dudes - Ljubljana (\u0160i\u0161ka)","publisher":{"@id":"https:\/\/asikolesar.si\/en\/#organization"},"potentialAction":[{"@type":"SearchAction","target":{"@type":"EntryPoint","urlTemplate":"https:\/\/asikolesar.si\/en\/?s={search_term_string}"},"query-input":{"@type":"PropertyValueSpecification","valueRequired":true,"valueName":"search_term_string"}}],"inLanguage":"en-US"},{"@type":"Organization","@id":"https:\/\/asikolesar.si\/en\/#organization","name":"A si kolesar? Si!","url":"https:\/\/asikolesar.si\/en\/","logo":{"@type":"ImageObject","inLanguage":"en-US","@id":"https:\/\/asikolesar.si\/en\/#\/schema\/logo\/image\/","url":"https:\/\/asikolesar.si\/wp-content\/uploads\/2025\/04\/logotip-A-SI-KOLESAR_horizontalni-barvni.svg","contentUrl":"https:\/\/asikolesar.si\/wp-content\/uploads\/2025\/04\/logotip-A-SI-KOLESAR_horizontalni-barvni.svg","width":337,"height":57,"caption":"A si kolesar? Si!"},"image":{"@id":"https:\/\/asikolesar.si\/en\/#\/schema\/logo\/image\/"},"sameAs":["https:\/\/www.facebook.com\/aSiKolesar\/","https:\/\/www.instagram.com\/a_si_kolesar\/"]}]}},"_links":{"self":[{"href":"https:\/\/asikolesar.si\/en\/wp-json\/wp\/v2\/product\/4470","targetHints":{"allow":["GET"]}}],"collection":[{"href":"https:\/\/asikolesar.si\/en\/wp-json\/wp\/v2\/product"}],"about":[{"href":"https:\/\/asikolesar.si\/en\/wp-json\/wp\/v2\/types\/product"}],"wp:featuredmedia":[{"embeddable":true,"href":"https:\/\/asikolesar.si\/en\/wp-json\/wp\/v2\/media\/3938"}],"wp:attachment":[{"href":"https:\/\/asikolesar.si\/en\/wp-json\/wp\/v2\/media?parent=4470"}],"wp:term":[{"taxonomy":"product_brand","embeddable":true,"href":"https:\/\/asikolesar.si\/en\/wp-json\/wp\/v2\/product_brand?post=4470"},{"taxonomy":"product_cat","embeddable":true,"href":"https:\/\/asikolesar.si\/en\/wp-json\/wp\/v2\/product_cat?post=4470"},{"taxonomy":"product_tag","embeddable":true,"href":"https:\/\/asikolesar.si\/en\/wp-json\/wp\/v2\/product_tag?post=4470"}],"curies":[{"name":"wp","href":"https:\/\/api.w.org\/{rel}","templated":true}]}}