{"id":4472,"date":"2025-06-09T15:05:30","date_gmt":"2025-06-09T15:05:30","guid":{"rendered":"https:\/\/asikolesar.si\/izdelek\/kenzel-camping-ceremony-20-city-bike\/"},"modified":"2025-06-09T15:05:30","modified_gmt":"2025-06-09T15:05:30","slug":"kenzel-camping-ceremony-20-city-bike","status":"publish","type":"product","link":"https:\/\/asikolesar.si\/en\/izdelek\/kenzel-camping-ceremony-20-city-bike\/","title":{"rendered":"Kenzel CAMPING CEREMONY 20&#8221; City Bike"},"content":{"rendered":"","protected":false},"excerpt":{"rendered":"<p>The Kenzel Camping Ceremony 20&#8243; city bike is the perfect companion for daily urban riding. It is equipped with a rear rack, fenders, lights, and a kickstand. <\/p>\n<p>Specifications:<br \/>\nWheel size: 20\u201d<br \/>\nFrame: Kenzel Hi-Ten<br \/>\nFork: Kenzel Hi-ten<br \/>\nChain: KMC S1<br \/>\nCrankset: Aluminum 36T, 165mm<br \/>\nPedals: Plastic<br \/>\nRear sprocket: 18T<br \/>\nBrakes: Front V-brake; rear coaster brake<br \/>\nTires: CST Control Viva 20\u00d71.75<br \/>\nFront light: RMK 1LED battery<br \/>\nRear light: RMK 1LED battery, bracket<br \/>\nFenders: RMK plastic<br \/>\nWeight: 14.6 kg<\/p>\n","protected":false},"featured_media":3930,"template":"","meta":{"_acf_changed":false,"_gspb_post_css":""},"product_brand":[],"product_cat":[105],"product_tag":[],"class_list":{"0":"post-4472","1":"product","2":"type-product","3":"status-publish","4":"has-post-thumbnail","6":"product_cat-new-bikes","8":"first","9":"instock","10":"shipping-taxable","11":"purchasable","12":"product-type-simple"},"acf":[],"ct_brands":[],"yoast_head":"<!-- This site is optimized with the Yoast SEO plugin v27.0 - https:\/\/yoast.com\/product\/yoast-seo-wordpress\/ -->\n<title>Kenzel CAMPING CEREMONY 20&#039;&#039; City Bike - A si kolesar? Si!<\/title>\n<meta name=\"description\" content=\"A bike with fenders, lights, and a rack \u2013 ready for urban adventures. Visit our store at Celov\u0161ka 62 in \u0160i\u0161ka to see it.\" \/>\n<meta name=\"robots\" content=\"index, follow, max-snippet:-1, max-image-preview:large, max-video-preview:-1\" \/>\n<link rel=\"canonical\" href=\"https:\/\/asikolesar.si\/en\/izdelek\/kenzel-camping-ceremony-20-city-bike\/\" \/>\n<meta property=\"og:locale\" content=\"en_US\" \/>\n<meta property=\"og:type\" content=\"article\" \/>\n<meta property=\"og:title\" content=\"Kenzel CAMPING CEREMONY 20&#039;&#039; City Bike - A si kolesar? Si!\" \/>\n<meta property=\"og:description\" content=\"A bike with fenders, lights, and a rack \u2013 ready for urban adventures. Visit our store at Celov\u0161ka 62 in \u0160i\u0161ka to see it.\" \/>\n<meta property=\"og:url\" content=\"https:\/\/asikolesar.si\/en\/izdelek\/kenzel-camping-ceremony-20-city-bike\/\" \/>\n<meta property=\"og:site_name\" content=\"A si kolesar? Si!\" \/>\n<meta property=\"article:publisher\" content=\"https:\/\/www.facebook.com\/aSiKolesar\/\" \/>\n<meta property=\"og:image\" content=\"https:\/\/asikolesar.si\/wp-content\/uploads\/2025\/06\/KENZEL-CAMPING-CEREMONY_krem-1.jpg\" \/>\n\t<meta property=\"og:image:width\" content=\"800\" \/>\n\t<meta property=\"og:image:height\" content=\"800\" \/>\n\t<meta property=\"og:image:type\" content=\"image\/jpeg\" \/>\n<meta name=\"twitter:card\" content=\"summary_large_image\" \/>\n<script type=\"application\/ld+json\" class=\"yoast-schema-graph\">{\"@context\":\"https:\/\/schema.org\",\"@graph\":[{\"@type\":\"WebPage\",\"@id\":\"https:\/\/asikolesar.si\/en\/izdelek\/kenzel-camping-ceremony-20-city-bike\/\",\"url\":\"https:\/\/asikolesar.si\/en\/izdelek\/kenzel-camping-ceremony-20-city-bike\/\",\"name\":\"Kenzel CAMPING CEREMONY 20'' City Bike - A si kolesar? Si!\",\"isPartOf\":{\"@id\":\"https:\/\/asikolesar.si\/en\/#website\"},\"primaryImageOfPage\":{\"@id\":\"https:\/\/asikolesar.si\/en\/izdelek\/kenzel-camping-ceremony-20-city-bike\/#primaryimage\"},\"image\":{\"@id\":\"https:\/\/asikolesar.si\/en\/izdelek\/kenzel-camping-ceremony-20-city-bike\/#primaryimage\"},\"thumbnailUrl\":\"https:\/\/asikolesar.si\/wp-content\/uploads\/2025\/06\/KENZEL-CAMPING-CEREMONY_krem-1.jpg\",\"datePublished\":\"2025-06-09T15:05:30+00:00\",\"description\":\"A bike with fenders, lights, and a rack \u2013 ready for urban adventures. Visit our store at Celov\u0161ka 62 in \u0160i\u0161ka to see it.\",\"breadcrumb\":{\"@id\":\"https:\/\/asikolesar.si\/en\/izdelek\/kenzel-camping-ceremony-20-city-bike\/#breadcrumb\"},\"inLanguage\":\"en-US\",\"potentialAction\":[{\"@type\":\"ReadAction\",\"target\":[\"https:\/\/asikolesar.si\/en\/izdelek\/kenzel-camping-ceremony-20-city-bike\/\"]}]},{\"@type\":\"ImageObject\",\"inLanguage\":\"en-US\",\"@id\":\"https:\/\/asikolesar.si\/en\/izdelek\/kenzel-camping-ceremony-20-city-bike\/#primaryimage\",\"url\":\"https:\/\/asikolesar.si\/wp-content\/uploads\/2025\/06\/KENZEL-CAMPING-CEREMONY_krem-1.jpg\",\"contentUrl\":\"https:\/\/asikolesar.si\/wp-content\/uploads\/2025\/06\/KENZEL-CAMPING-CEREMONY_krem-1.jpg\",\"width\":800,\"height\":800},{\"@type\":\"BreadcrumbList\",\"@id\":\"https:\/\/asikolesar.si\/en\/izdelek\/kenzel-camping-ceremony-20-city-bike\/#breadcrumb\",\"itemListElement\":[{\"@type\":\"ListItem\",\"position\":1,\"name\":\"Home\",\"item\":\"https:\/\/asikolesar.si\/en\/\"},{\"@type\":\"ListItem\",\"position\":2,\"name\":\"Shop\",\"item\":\"https:\/\/asikolesar.si\/en\/shop\/\"},{\"@type\":\"ListItem\",\"position\":3,\"name\":\"Kenzel CAMPING CEREMONY 20&#8221; City Bike\"}]},{\"@type\":\"WebSite\",\"@id\":\"https:\/\/asikolesar.si\/en\/#website\",\"url\":\"https:\/\/asikolesar.si\/en\/\",\"name\":\"A si kolesar? Si!\",\"description\":\"Servis koles in podobnih \u010dudes - Ljubljana (\u0160i\u0161ka)\",\"publisher\":{\"@id\":\"https:\/\/asikolesar.si\/en\/#organization\"},\"potentialAction\":[{\"@type\":\"SearchAction\",\"target\":{\"@type\":\"EntryPoint\",\"urlTemplate\":\"https:\/\/asikolesar.si\/en\/?s={search_term_string}\"},\"query-input\":{\"@type\":\"PropertyValueSpecification\",\"valueRequired\":true,\"valueName\":\"search_term_string\"}}],\"inLanguage\":\"en-US\"},{\"@type\":\"Organization\",\"@id\":\"https:\/\/asikolesar.si\/en\/#organization\",\"name\":\"A si kolesar? Si!\",\"url\":\"https:\/\/asikolesar.si\/en\/\",\"logo\":{\"@type\":\"ImageObject\",\"inLanguage\":\"en-US\",\"@id\":\"https:\/\/asikolesar.si\/en\/#\/schema\/logo\/image\/\",\"url\":\"https:\/\/asikolesar.si\/wp-content\/uploads\/2025\/04\/logotip-A-SI-KOLESAR_horizontalni-barvni.svg\",\"contentUrl\":\"https:\/\/asikolesar.si\/wp-content\/uploads\/2025\/04\/logotip-A-SI-KOLESAR_horizontalni-barvni.svg\",\"width\":337,\"height\":57,\"caption\":\"A si kolesar? Si!\"},\"image\":{\"@id\":\"https:\/\/asikolesar.si\/en\/#\/schema\/logo\/image\/\"},\"sameAs\":[\"https:\/\/www.facebook.com\/aSiKolesar\/\",\"https:\/\/www.instagram.com\/a_si_kolesar\/\"]}]}<\/script>\n<!-- \/ Yoast SEO plugin. -->","yoast_head_json":{"title":"Kenzel CAMPING CEREMONY 20'' City Bike - A si kolesar? Si!","description":"A bike with fenders, lights, and a rack \u2013 ready for urban adventures. Visit our store at Celov\u0161ka 62 in \u0160i\u0161ka to see it.","robots":{"index":"index","follow":"follow","max-snippet":"max-snippet:-1","max-image-preview":"max-image-preview:large","max-video-preview":"max-video-preview:-1"},"canonical":"https:\/\/asikolesar.si\/en\/izdelek\/kenzel-camping-ceremony-20-city-bike\/","og_locale":"en_US","og_type":"article","og_title":"Kenzel CAMPING CEREMONY 20'' City Bike - A si kolesar? Si!","og_description":"A bike with fenders, lights, and a rack \u2013 ready for urban adventures. Visit our store at Celov\u0161ka 62 in \u0160i\u0161ka to see it.","og_url":"https:\/\/asikolesar.si\/en\/izdelek\/kenzel-camping-ceremony-20-city-bike\/","og_site_name":"A si kolesar? Si!","article_publisher":"https:\/\/www.facebook.com\/aSiKolesar\/","og_image":[{"width":800,"height":800,"url":"https:\/\/asikolesar.si\/wp-content\/uploads\/2025\/06\/KENZEL-CAMPING-CEREMONY_krem-1.jpg","type":"image\/jpeg"}],"twitter_card":"summary_large_image","schema":{"@context":"https:\/\/schema.org","@graph":[{"@type":"WebPage","@id":"https:\/\/asikolesar.si\/en\/izdelek\/kenzel-camping-ceremony-20-city-bike\/","url":"https:\/\/asikolesar.si\/en\/izdelek\/kenzel-camping-ceremony-20-city-bike\/","name":"Kenzel CAMPING CEREMONY 20'' City Bike - A si kolesar? Si!","isPartOf":{"@id":"https:\/\/asikolesar.si\/en\/#website"},"primaryImageOfPage":{"@id":"https:\/\/asikolesar.si\/en\/izdelek\/kenzel-camping-ceremony-20-city-bike\/#primaryimage"},"image":{"@id":"https:\/\/asikolesar.si\/en\/izdelek\/kenzel-camping-ceremony-20-city-bike\/#primaryimage"},"thumbnailUrl":"https:\/\/asikolesar.si\/wp-content\/uploads\/2025\/06\/KENZEL-CAMPING-CEREMONY_krem-1.jpg","datePublished":"2025-06-09T15:05:30+00:00","description":"A bike with fenders, lights, and a rack \u2013 ready for urban adventures. Visit our store at Celov\u0161ka 62 in \u0160i\u0161ka to see it.","breadcrumb":{"@id":"https:\/\/asikolesar.si\/en\/izdelek\/kenzel-camping-ceremony-20-city-bike\/#breadcrumb"},"inLanguage":"en-US","potentialAction":[{"@type":"ReadAction","target":["https:\/\/asikolesar.si\/en\/izdelek\/kenzel-camping-ceremony-20-city-bike\/"]}]},{"@type":"ImageObject","inLanguage":"en-US","@id":"https:\/\/asikolesar.si\/en\/izdelek\/kenzel-camping-ceremony-20-city-bike\/#primaryimage","url":"https:\/\/asikolesar.si\/wp-content\/uploads\/2025\/06\/KENZEL-CAMPING-CEREMONY_krem-1.jpg","contentUrl":"https:\/\/asikolesar.si\/wp-content\/uploads\/2025\/06\/KENZEL-CAMPING-CEREMONY_krem-1.jpg","width":800,"height":800},{"@type":"BreadcrumbList","@id":"https:\/\/asikolesar.si\/en\/izdelek\/kenzel-camping-ceremony-20-city-bike\/#breadcrumb","itemListElement":[{"@type":"ListItem","position":1,"name":"Home","item":"https:\/\/asikolesar.si\/en\/"},{"@type":"ListItem","position":2,"name":"Shop","item":"https:\/\/asikolesar.si\/en\/shop\/"},{"@type":"ListItem","position":3,"name":"Kenzel CAMPING CEREMONY 20&#8221; City Bike"}]},{"@type":"WebSite","@id":"https:\/\/asikolesar.si\/en\/#website","url":"https:\/\/asikolesar.si\/en\/","name":"A si kolesar? Si!","description":"Servis koles in podobnih \u010dudes - Ljubljana (\u0160i\u0161ka)","publisher":{"@id":"https:\/\/asikolesar.si\/en\/#organization"},"potentialAction":[{"@type":"SearchAction","target":{"@type":"EntryPoint","urlTemplate":"https:\/\/asikolesar.si\/en\/?s={search_term_string}"},"query-input":{"@type":"PropertyValueSpecification","valueRequired":true,"valueName":"search_term_string"}}],"inLanguage":"en-US"},{"@type":"Organization","@id":"https:\/\/asikolesar.si\/en\/#organization","name":"A si kolesar? Si!","url":"https:\/\/asikolesar.si\/en\/","logo":{"@type":"ImageObject","inLanguage":"en-US","@id":"https:\/\/asikolesar.si\/en\/#\/schema\/logo\/image\/","url":"https:\/\/asikolesar.si\/wp-content\/uploads\/2025\/04\/logotip-A-SI-KOLESAR_horizontalni-barvni.svg","contentUrl":"https:\/\/asikolesar.si\/wp-content\/uploads\/2025\/04\/logotip-A-SI-KOLESAR_horizontalni-barvni.svg","width":337,"height":57,"caption":"A si kolesar? Si!"},"image":{"@id":"https:\/\/asikolesar.si\/en\/#\/schema\/logo\/image\/"},"sameAs":["https:\/\/www.facebook.com\/aSiKolesar\/","https:\/\/www.instagram.com\/a_si_kolesar\/"]}]}},"_links":{"self":[{"href":"https:\/\/asikolesar.si\/en\/wp-json\/wp\/v2\/product\/4472","targetHints":{"allow":["GET"]}}],"collection":[{"href":"https:\/\/asikolesar.si\/en\/wp-json\/wp\/v2\/product"}],"about":[{"href":"https:\/\/asikolesar.si\/en\/wp-json\/wp\/v2\/types\/product"}],"wp:featuredmedia":[{"embeddable":true,"href":"https:\/\/asikolesar.si\/en\/wp-json\/wp\/v2\/media\/3930"}],"wp:attachment":[{"href":"https:\/\/asikolesar.si\/en\/wp-json\/wp\/v2\/media?parent=4472"}],"wp:term":[{"taxonomy":"product_brand","embeddable":true,"href":"https:\/\/asikolesar.si\/en\/wp-json\/wp\/v2\/product_brand?post=4472"},{"taxonomy":"product_cat","embeddable":true,"href":"https:\/\/asikolesar.si\/en\/wp-json\/wp\/v2\/product_cat?post=4472"},{"taxonomy":"product_tag","embeddable":true,"href":"https:\/\/asikolesar.si\/en\/wp-json\/wp\/v2\/product_tag?post=4472"}],"curies":[{"name":"wp","href":"https:\/\/api.w.org\/{rel}","templated":true}]}}